{"id":281,"date":"2025-05-13T08:15:26","date_gmt":"2025-05-13T08:15:26","guid":{"rendered":"https:\/\/belladonna.com.es\/?page_id=281"},"modified":"2026-03-13T11:01:11","modified_gmt":"2026-03-13T11:01:11","slug":"sobre-nosotros","status":"publish","type":"page","link":"https:\/\/belladonna.com.es\/en\/sobre-nosotros\/","title":{"rendered":"Sobre Nosotros"},"content":{"rendered":"<div class=\"wp-block-uagb-container uagb-block-66ebd6c7 alignfull uagb-is-root-container\"><div class=\"uagb-container-inner-blocks-wrap\">\n<div class=\"wp-block-uagb-info-box uagb-block-82c56a1d uagb-infobox__content-wrap  uagb-infobox-icon-above-title uagb-infobox-image-valign-top wp-block-uagb-info-box--has-margin\"><div class=\"uagb-infobox-margin-wrapper\"><div class=\"uagb-ifb-content\"><div class=\"uagb-ifb-title-wrap\"><p class=\"uagb-ifb-title-prefix\">SOBRE NOSOTROS<\/p><h1 class=\"uagb-ifb-title\">Tu peluquer\u00eda y centro de est\u00e9tica en Dos Hermanas<\/h1><\/div><p class=\"uagb-ifb-desc\">Con m\u00e1s de 30 a\u00f1os de experiencia, ofrecemos un servicio excepcional en Belladonna, centro de est\u00e9tica en Dos Hermanas. <a href=\"\/en\/servicios\/\">\u00a1Desc\u00fabrelo hoy!<\/a><\/p><\/div><\/div><\/div>\n<\/div><\/div>\n\n\n\n<div class=\"wp-block-uagb-container uagb-layout-grid uagb-block-5e71f5f6 alignfull uagb-is-root-container\"><div class=\"uagb-container-inner-blocks-wrap\">\n<div class=\"wp-block-uagb-image uagb-block-e5ce13a3 wp-block-uagb-image--layout-default wp-block-uagb-image--effect-static wp-block-uagb-image--align-none\"><figure class=\"wp-block-uagb-image__figure\"><img decoding=\"async\" srcset=\"https:\/\/belladonna.com.es\/wp-content\/uploads\/2025\/05\/p9.jpg ,https:\/\/belladonna.com.es\/wp-content\/uploads\/2025\/05\/p9.jpg 780w, https:\/\/belladonna.com.es\/wp-content\/uploads\/2025\/05\/p9.jpg 360w\" sizes=\"auto, (max-width: 480px) 150px\" src=\"https:\/\/belladonna.com.es\/wp-content\/uploads\/2025\/05\/p9.jpg\" alt=\"Lifting pesta\u00f1as\" class=\"uag-image-590\" width=\"600\" height=\"460\" title=\"Lifting pesta\u00f1as\" loading=\"lazy\" role=\"img\"\/><\/figure><\/div>\n\n\n\n<div class=\"wp-block-uagb-info-box uagb-block-9e5f203b uagb-infobox__content-wrap  uagb-infobox-icon-above-title uagb-infobox-image-valign-top wp-block-uagb-info-box--has-margin\"><div class=\"uagb-infobox-margin-wrapper\"><div class=\"uagb-ifb-content\"><div class=\"uagb-ifb-title-wrap\"><p class=\"uagb-ifb-title-prefix\">Con\u00f3cenos<\/p><h2 class=\"uagb-ifb-title\">Comprometidos con la Belleza y el Bienestar<\/h2><\/div><p class=\"uagb-ifb-desc\">En Belladonna, nos enorgullecemos de m\u00e1s de 30 a\u00f1os de experiencia en el sector de la belleza. Nuestros clientes conf\u00edan en nosotros para transformar su imagen y proporcionarles una experiencia renovadora, que se refleja en los constantes elogios y la lealtad que recibimos de ellos. <br>Centro de est\u00e9tica en Dos Hermanas: Estamos ubicados en <a href=\"https:\/\/www.google.com\/maps\/place\/C.+Alb%C3%A9niz,+29,+41704+Dos+Hermanas,+Sevilla\/@37.2924517,-5.9256077,17z\/data=!3m1!4b1!4m6!3m5!1s0xd127043c8c234c9:0x34315e72c8b6777b!8m2!3d37.2924475!4d-5.9230328!16s%2Fg%2F11nnkw21fk?entry=ttu&amp;g_ep=EgoyMDI2MDMxMC4wIKXMDSoASAFQAw%3D%3D\">C\/ Albeniz, 29 C.P. 41701 Dos Hermanas (Sevilla)<\/a><\/p><\/div><\/div><\/div>\n<\/div><\/div>\n\n\n\n<div class=\"wp-block-uagb-container uagb-layout-grid uagb-block-11dc68a7 alignfull uagb-is-root-container\"><div class=\"uagb-container-inner-blocks-wrap\">\n<div class=\"wp-block-uagb-container uagb-layout-grid uagb-block-2b98e62b\">\n<div class=\"wp-block-uagb-info-box uagb-block-ab1ef172 uagb-infobox__content-wrap  uagb-infobox-icon-above-title uagb-infobox-image-valign-top wp-block-uagb-info-box--has-margin\"><div class=\"uagb-infobox-margin-wrapper\"><div class=\"uagb-ifb-content\"><div class=\"uagb-ifb-title-wrap\"><p class=\"uagb-ifb-title-prefix\">Nuestro Valor<\/p><h2 class=\"uagb-ifb-title\">Por Qu\u00e9 Elegirnos<\/h2><\/div><p class=\"uagb-ifb-desc\">Brindamos un enfoque individualizado y profesional en cada servicio, aprovechando nuestra experiencia y formaci\u00f3n continua para ofrecerte lo mejor.<\/p><\/div><\/div><\/div>\n\n\n\n<div class=\"wp-block-uagb-icon-list uagb-block-a49e09d7\"><div class=\"uagb-icon-list__wrap\">\n<div class=\"wp-block-uagb-icon-list-child uagb-block-ad0c555c\"><span class=\"uagb-icon-list__source-wrap\"><svg xmlns=\"https:\/\/www.w3.org\/2000\/svg\" viewbox=\"0 0 448 512\"><path d=\"M438.6 105.4C451.1 117.9 451.1 138.1 438.6 150.6L182.6 406.6C170.1 419.1 149.9 419.1 137.4 406.6L9.372 278.6C-3.124 266.1-3.124 245.9 9.372 233.4C21.87 220.9 42.13 220.9 54.63 233.4L159.1 338.7L393.4 105.4C405.9 92.88 426.1 92.88 438.6 105.4H438.6z\"><\/path><\/svg><\/span><span class=\"uagb-icon-list__label\">Experiencia Comprobada<\/span><\/div>\n\n\n\n<div class=\"wp-block-uagb-icon-list-child uagb-block-480fd7f5\"><span class=\"uagb-icon-list__source-wrap\"><svg xmlns=\"https:\/\/www.w3.org\/2000\/svg\" viewbox=\"0 0 448 512\"><path d=\"M438.6 105.4C451.1 117.9 451.1 138.1 438.6 150.6L182.6 406.6C170.1 419.1 149.9 419.1 137.4 406.6L9.372 278.6C-3.124 266.1-3.124 245.9 9.372 233.4C21.87 220.9 42.13 220.9 54.63 233.4L159.1 338.7L393.4 105.4C405.9 92.88 426.1 92.88 438.6 105.4H438.6z\"><\/path><\/svg><\/span><span class=\"uagb-icon-list__label\">Formaci\u00f3n Continua<\/span><\/div>\n\n\n\n<div class=\"wp-block-uagb-icon-list-child uagb-block-aecd6f15\"><span class=\"uagb-icon-list__source-wrap\"><svg xmlns=\"https:\/\/www.w3.org\/2000\/svg\" viewbox=\"0 0 448 512\"><path d=\"M438.6 105.4C451.1 117.9 451.1 138.1 438.6 150.6L182.6 406.6C170.1 419.1 149.9 419.1 137.4 406.6L9.372 278.6C-3.124 266.1-3.124 245.9 9.372 233.4C21.87 220.9 42.13 220.9 54.63 233.4L159.1 338.7L393.4 105.4C405.9 92.88 426.1 92.88 438.6 105.4H438.6z\"><\/path><\/svg><\/span><span class=\"uagb-icon-list__label\">Servicios Personalizados<\/span><\/div>\n\n\n\n<div class=\"wp-block-uagb-icon-list-child uagb-block-350e2caa\"><span class=\"uagb-icon-list__source-wrap\"><svg xmlns=\"https:\/\/www.w3.org\/2000\/svg\" viewbox=\"0 0 448 512\"><path d=\"M438.6 105.4C451.1 117.9 451.1 138.1 438.6 150.6L182.6 406.6C170.1 419.1 149.9 419.1 137.4 406.6L9.372 278.6C-3.124 266.1-3.124 245.9 9.372 233.4C21.87 220.9 42.13 220.9 54.63 233.4L159.1 338.7L393.4 105.4C405.9 92.88 426.1 92.88 438.6 105.4H438.6z\"><\/path><\/svg><\/span><span class=\"uagb-icon-list__label\">Atenci\u00f3n personal<\/span><\/div>\n<\/div><\/div>\n<\/div>\n\n\n\n<div class=\"wp-block-uagb-image uagb-block-044eed52 wp-block-uagb-image--layout-default wp-block-uagb-image--effect-static wp-block-uagb-image--align-none\"><figure class=\"wp-block-uagb-image__figure\"><img decoding=\"async\" srcset=\"https:\/\/belladonna.com.es\/wp-content\/uploads\/2025\/05\/p14.jpg ,https:\/\/belladonna.com.es\/wp-content\/uploads\/2025\/05\/p14.jpg 780w, https:\/\/belladonna.com.es\/wp-content\/uploads\/2025\/05\/p14.jpg 360w\" sizes=\"auto, (max-width: 480px) 150px\" src=\"https:\/\/belladonna.com.es\/wp-content\/uploads\/2025\/05\/p14.jpg\" alt=\"Pelo\" class=\"uag-image-580\" width=\"600\" height=\"500\" title=\"Pelo\" loading=\"lazy\" role=\"img\"\/><\/figure><\/div>\n<\/div><\/div>\n\n\n\n<div class=\"wp-block-uagb-info-box uagb-block-827da11e uagb-infobox__content-wrap  uagb-infobox-icon-above-title uagb-infobox-image-valign-top wp-block-uagb-info-box--has-margin\"><div class=\"uagb-infobox-margin-wrapper\"><div class=\"uagb-ifb-content\"><div class=\"uagb-ifb-title-wrap\"><p class=\"uagb-ifb-title-prefix\"><strong>EXPERIENCIA Y CUIDADO<\/strong><br><\/p><h2 class=\"uagb-ifb-title\">Tu Belleza en un Centro de Est\u00e9tica en Dos Hermanas<\/h2><\/div><p class=\"uagb-ifb-desc\">En Belladonna trabajamos para que cada cliente se sienta cuidado desde el primer momento. Nos enfocamos en ofrecer tratamientos adaptados a cada necesidad, combinando atenci\u00f3n cercana, asesoramiento profesional y productos de calidad. Sabemos que no todas las pieles, estilos o objetivos son iguales, por eso dise\u00f1amos experiencias personalizadas que buscan resultados visibles y satisfactorios. Nuestro compromiso es seguir mejorando cada d\u00eda para convertirnos en una referencia para quienes buscan belleza, bienestar y confianza en un mismo espacio. Si buscas un lugar que priorice la calidad y el trato humano, est\u00e1s en el sitio adecuado.<\/p><\/div><\/div><\/div>\n\n\n\n<div class=\"wp-block-uagb-container uagb-block-47cf4ed3 alignfull uagb-is-root-container\"><div class=\"uagb-container-inner-blocks-wrap\">\n<div class=\"wp-block-uagb-container uagb-block-6b550ecd\">\n<div class=\"wp-block-uagb-advanced-heading uagb-block-f00883bb\"><div class=\"uagb-heading-text\"><strong>Nuestra Misi\u00f3n<\/strong><\/div><p class=\"uagb-desc-text\">Proporcionar a nuestros clientes una experiencia de belleza \u00fanica y satisfactoria, combinando calidad, profesionalismo y calidez en cada servicio.<\/p><\/div>\n\n\n\n<div class=\"wp-block-uagb-advanced-heading uagb-block-1cc3c6c4\"><p class=\"uagb-heading-text\"><strong>Nuestra Visi\u00f3n<\/strong><\/p><p class=\"uagb-desc-text\">Ser reconocidos como la peluquer\u00eda y centro de est\u00e9tica l\u00edder en Dos Hermanas, ofreciendo servicios innovadores y generando fieles relaciones con nuestros clientes.<\/p><\/div>\n<\/div>\n<\/div><\/div>\n\n\n\n<div class=\"wp-block-uagb-container uagb-block-e9dddb7d alignfull uagb-is-root-container\"><div class=\"uagb-container-inner-blocks-wrap\">\n<div class=\"wp-block-uagb-info-box uagb-block-5cd1a49c uagb-infobox__content-wrap  uagb-infobox-icon-above-title uagb-infobox-image-valign-top wp-block-uagb-info-box--has-margin\"><div class=\"uagb-infobox-margin-wrapper\"><div class=\"uagb-ifb-content\"><div class=\"uagb-ifb-title-wrap\"><p class=\"uagb-ifb-title-prefix\">Cont\u00e1ctanos Hoy<\/p><h2 class=\"uagb-ifb-title\">\u00a1No esperes m\u00e1s para lucir espectacular!<\/h2><\/div><p class=\"uagb-ifb-desc\">Solicita tu cita con nosotros y descubre la experiencia de belleza que mereces.<\/p><div class=\"uagb-ifb-button-wrapper wp-block-button\"><a href=\"\/en\/contact\/\" class=\"uagb-infobox-cta-link wp-block-button__link\" target=\"_self\" rel=\"noopener noreferrer\" onclick=\"return true;\"><span class=\"uagb-inline-editing\">Cont\u00e1ctanos<\/span><\/a><\/div><\/div><\/div><\/div>\n<\/div><\/div>","protected":false},"excerpt":{"rendered":"<p>Nuestra Misi\u00f3n Proporcionar a nuestros clientes una experiencia de belleza \u00fanica y satisfactoria, combinando calidad, profesionalismo y calidez en cada [&hellip;]<\/p>","protected":false},"author":3,"featured_media":0,"parent":0,"menu_order":0,"comment_status":"closed","ping_status":"closed","template":"","meta":{"_uag_custom_page_level_css":"","site-sidebar-layout":"default","site-content-layout":"","ast-site-content-layout":"default","site-content-style":"default","site-sidebar-style":"default","ast-global-header-display":"","ast-banner-title-visibility":"","ast-main-header-display":"","ast-hfb-above-header-display":"","ast-hfb-below-header-display":"","ast-hfb-mobile-header-display":"","site-post-title":"disabled","ast-breadcrumbs-content":"","ast-featured-img":"","footer-sml-layout":"","ast-disable-related-posts":"","theme-transparent-header-meta":"","adv-header-id-meta":"","stick-header-meta":"","header-above-stick-meta":"","header-main-stick-meta":"","header-below-stick-meta":"","astra-migrate-meta-layouts":"default","ast-page-background-enabled":"default","ast-page-background-meta":{"desktop":{"background-color":"var(--ast-global-color-4)","background-image":"","background-repeat":"repeat","background-position":"center center","background-size":"auto","background-attachment":"scroll","background-type":"","background-media":"","overlay-type":"","overlay-color":"","overlay-opacity":"","overlay-gradient":""},"tablet":{"background-color":"","background-image":"","background-repeat":"repeat","background-position":"center center","background-size":"auto","background-attachment":"scroll","background-type":"","background-media":"","overlay-type":"","overlay-color":"","overlay-opacity":"","overlay-gradient":""},"mobile":{"background-color":"","background-image":"","background-repeat":"repeat","background-position":"center center","background-size":"auto","background-attachment":"scroll","background-type":"","background-media":"","overlay-type":"","overlay-color":"","overlay-opacity":"","overlay-gradient":""}},"ast-content-background-meta":{"desktop":{"background-color":"var(--ast-global-color-5)","background-image":"","background-repeat":"repeat","background-position":"center center","background-size":"auto","background-attachment":"scroll","background-type":"","background-media":"","overlay-type":"","overlay-color":"","overlay-opacity":"","overlay-gradient":""},"tablet":{"background-color":"var(--ast-global-color-5)","background-image":"","background-repeat":"repeat","background-position":"center center","background-size":"auto","background-attachment":"scroll","background-type":"","background-media":"","overlay-type":"","overlay-color":"","overlay-opacity":"","overlay-gradient":""},"mobile":{"background-color":"var(--ast-global-color-5)","background-image":"","background-repeat":"repeat","background-position":"center center","background-size":"auto","background-attachment":"scroll","background-type":"","background-media":"","overlay-type":"","overlay-color":"","overlay-opacity":"","overlay-gradient":""}},"footnotes":""},"class_list":["post-281","page","type-page","status-publish","hentry"],"yoast_head":"<!-- This site is optimized with the Yoast SEO plugin v25.1 - https:\/\/yoast.com\/wordpress\/plugins\/seo\/ -->\n<title>Centro de est\u00e9tica en Dos Hermanas | Belladonna<\/title>\n<meta name=\"description\" content=\"Sobre nosotros. Tu peluquer\u00eda y centro de est\u00e9tica en Dos Hermanas. Con m\u00e1s de 30 a\u00f1os de experiencia, ofrecemos un servicio excepcional.\" \/>\n<meta name=\"robots\" content=\"index, follow, max-snippet:-1, max-image-preview:large, max-video-preview:-1\" \/>\n<link rel=\"canonical\" href=\"https:\/\/belladonna.com.es\/en\/sobre-nosotros\/\" \/>\n<meta property=\"og:locale\" content=\"en_US\" \/>\n<meta property=\"og:type\" content=\"article\" \/>\n<meta property=\"og:title\" content=\"Centro de est\u00e9tica en Dos Hermanas | Belladonna\" \/>\n<meta property=\"og:description\" content=\"Sobre nosotros. Tu peluquer\u00eda y centro de est\u00e9tica en Dos Hermanas. Con m\u00e1s de 30 a\u00f1os de experiencia, ofrecemos un servicio excepcional.\" \/>\n<meta property=\"og:url\" content=\"https:\/\/belladonna.com.es\/en\/sobre-nosotros\/\" \/>\n<meta property=\"og:site_name\" content=\"belladonna.com.es\" \/>\n<meta property=\"article:modified_time\" content=\"2026-03-13T11:01:11+00:00\" \/>\n<meta property=\"og:image\" content=\"https:\/\/belladonna.com.es\/wp-content\/uploads\/2025\/05\/p9.jpg\" \/>\n<meta name=\"twitter:card\" content=\"summary_large_image\" \/>\n<meta name=\"twitter:label1\" content=\"Est. reading time\" \/>\n\t<meta name=\"twitter:data1\" content=\"2 minutes\" \/>\n<script type=\"application\/ld+json\" class=\"yoast-schema-graph\">{\"@context\":\"https:\/\/schema.org\",\"@graph\":[{\"@type\":\"WebPage\",\"@id\":\"https:\/\/belladonna.com.es\/sobre-nosotros\/\",\"url\":\"https:\/\/belladonna.com.es\/sobre-nosotros\/\",\"name\":\"Centro de est\u00e9tica en Dos Hermanas | Belladonna\",\"isPartOf\":{\"@id\":\"https:\/\/belladonna.com.es\/#website\"},\"primaryImageOfPage\":{\"@id\":\"https:\/\/belladonna.com.es\/sobre-nosotros\/#primaryimage\"},\"image\":{\"@id\":\"https:\/\/belladonna.com.es\/sobre-nosotros\/#primaryimage\"},\"thumbnailUrl\":\"https:\/\/belladonna.com.es\/wp-content\/uploads\/2025\/05\/p9.jpg\",\"datePublished\":\"2025-05-13T08:15:26+00:00\",\"dateModified\":\"2026-03-13T11:01:11+00:00\",\"description\":\"Sobre nosotros. Tu peluquer\u00eda y centro de est\u00e9tica en Dos Hermanas. Con m\u00e1s de 30 a\u00f1os de experiencia, ofrecemos un servicio excepcional.\",\"breadcrumb\":{\"@id\":\"https:\/\/belladonna.com.es\/sobre-nosotros\/#breadcrumb\"},\"inLanguage\":\"en-US\",\"potentialAction\":[{\"@type\":\"ReadAction\",\"target\":[\"https:\/\/belladonna.com.es\/sobre-nosotros\/\"]}]},{\"@type\":\"ImageObject\",\"inLanguage\":\"en-US\",\"@id\":\"https:\/\/belladonna.com.es\/sobre-nosotros\/#primaryimage\",\"url\":\"https:\/\/belladonna.com.es\/wp-content\/uploads\/2025\/05\/p9.jpg\",\"contentUrl\":\"https:\/\/belladonna.com.es\/wp-content\/uploads\/2025\/05\/p9.jpg\"},{\"@type\":\"BreadcrumbList\",\"@id\":\"https:\/\/belladonna.com.es\/sobre-nosotros\/#breadcrumb\",\"itemListElement\":[{\"@type\":\"ListItem\",\"position\":1,\"name\":\"Home\",\"item\":\"https:\/\/belladonna.com.es\/\"},{\"@type\":\"ListItem\",\"position\":2,\"name\":\"Sobre Nosotros\"}]},{\"@type\":\"WebSite\",\"@id\":\"https:\/\/belladonna.com.es\/#website\",\"url\":\"https:\/\/belladonna.com.es\/\",\"name\":\"belladonna.com.es\",\"description\":\"\",\"publisher\":{\"@id\":\"https:\/\/belladonna.com.es\/#organization\"},\"potentialAction\":[{\"@type\":\"SearchAction\",\"target\":{\"@type\":\"EntryPoint\",\"urlTemplate\":\"https:\/\/belladonna.com.es\/?s={search_term_string}\"},\"query-input\":{\"@type\":\"PropertyValueSpecification\",\"valueRequired\":true,\"valueName\":\"search_term_string\"}}],\"inLanguage\":\"en-US\"},{\"@type\":\"Organization\",\"@id\":\"https:\/\/belladonna.com.es\/#organization\",\"name\":\"belladonna.com.es\",\"url\":\"https:\/\/belladonna.com.es\/\",\"logo\":{\"@type\":\"ImageObject\",\"inLanguage\":\"en-US\",\"@id\":\"https:\/\/belladonna.com.es\/#\/schema\/logo\/image\/\",\"url\":\"https:\/\/belladonna.com.es\/wp-content\/uploads\/2025\/05\/zipwp-image-5012.jpg\",\"contentUrl\":\"https:\/\/belladonna.com.es\/wp-content\/uploads\/2025\/05\/zipwp-image-5012.jpg\",\"width\":200,\"height\":200,\"caption\":\"belladonna.com.es\"},\"image\":{\"@id\":\"https:\/\/belladonna.com.es\/#\/schema\/logo\/image\/\"}}]}<\/script>\n<!-- \/ Yoast SEO plugin. -->","yoast_head_json":{"title":"Centro de est\u00e9tica en Dos Hermanas | Belladonna","description":"Sobre nosotros. Tu peluquer\u00eda y centro de est\u00e9tica en Dos Hermanas. Con m\u00e1s de 30 a\u00f1os de experiencia, ofrecemos un servicio excepcional.","robots":{"index":"index","follow":"follow","max-snippet":"max-snippet:-1","max-image-preview":"max-image-preview:large","max-video-preview":"max-video-preview:-1"},"canonical":"https:\/\/belladonna.com.es\/en\/sobre-nosotros\/","og_locale":"en_US","og_type":"article","og_title":"Centro de est\u00e9tica en Dos Hermanas | Belladonna","og_description":"Sobre nosotros. Tu peluquer\u00eda y centro de est\u00e9tica en Dos Hermanas. Con m\u00e1s de 30 a\u00f1os de experiencia, ofrecemos un servicio excepcional.","og_url":"https:\/\/belladonna.com.es\/en\/sobre-nosotros\/","og_site_name":"belladonna.com.es","article_modified_time":"2026-03-13T11:01:11+00:00","og_image":[{"url":"https:\/\/belladonna.com.es\/wp-content\/uploads\/2025\/05\/p9.jpg","type":"","width":"","height":""}],"twitter_card":"summary_large_image","twitter_misc":{"Est. reading time":"2 minutes"},"schema":{"@context":"https:\/\/schema.org","@graph":[{"@type":"WebPage","@id":"https:\/\/belladonna.com.es\/sobre-nosotros\/","url":"https:\/\/belladonna.com.es\/sobre-nosotros\/","name":"Centro de est\u00e9tica en Dos Hermanas | Belladonna","isPartOf":{"@id":"https:\/\/belladonna.com.es\/#website"},"primaryImageOfPage":{"@id":"https:\/\/belladonna.com.es\/sobre-nosotros\/#primaryimage"},"image":{"@id":"https:\/\/belladonna.com.es\/sobre-nosotros\/#primaryimage"},"thumbnailUrl":"https:\/\/belladonna.com.es\/wp-content\/uploads\/2025\/05\/p9.jpg","datePublished":"2025-05-13T08:15:26+00:00","dateModified":"2026-03-13T11:01:11+00:00","description":"Sobre nosotros. Tu peluquer\u00eda y centro de est\u00e9tica en Dos Hermanas. Con m\u00e1s de 30 a\u00f1os de experiencia, ofrecemos un servicio excepcional.","breadcrumb":{"@id":"https:\/\/belladonna.com.es\/sobre-nosotros\/#breadcrumb"},"inLanguage":"en-US","potentialAction":[{"@type":"ReadAction","target":["https:\/\/belladonna.com.es\/sobre-nosotros\/"]}]},{"@type":"ImageObject","inLanguage":"en-US","@id":"https:\/\/belladonna.com.es\/sobre-nosotros\/#primaryimage","url":"https:\/\/belladonna.com.es\/wp-content\/uploads\/2025\/05\/p9.jpg","contentUrl":"https:\/\/belladonna.com.es\/wp-content\/uploads\/2025\/05\/p9.jpg"},{"@type":"BreadcrumbList","@id":"https:\/\/belladonna.com.es\/sobre-nosotros\/#breadcrumb","itemListElement":[{"@type":"ListItem","position":1,"name":"Home","item":"https:\/\/belladonna.com.es\/"},{"@type":"ListItem","position":2,"name":"Sobre Nosotros"}]},{"@type":"WebSite","@id":"https:\/\/belladonna.com.es\/#website","url":"https:\/\/belladonna.com.es\/","name":"belladonna.com.es","description":"","publisher":{"@id":"https:\/\/belladonna.com.es\/#organization"},"potentialAction":[{"@type":"SearchAction","target":{"@type":"EntryPoint","urlTemplate":"https:\/\/belladonna.com.es\/?s={search_term_string}"},"query-input":{"@type":"PropertyValueSpecification","valueRequired":true,"valueName":"search_term_string"}}],"inLanguage":"en-US"},{"@type":"Organization","@id":"https:\/\/belladonna.com.es\/#organization","name":"belladonna.com.es","url":"https:\/\/belladonna.com.es\/","logo":{"@type":"ImageObject","inLanguage":"en-US","@id":"https:\/\/belladonna.com.es\/#\/schema\/logo\/image\/","url":"https:\/\/belladonna.com.es\/wp-content\/uploads\/2025\/05\/zipwp-image-5012.jpg","contentUrl":"https:\/\/belladonna.com.es\/wp-content\/uploads\/2025\/05\/zipwp-image-5012.jpg","width":200,"height":200,"caption":"belladonna.com.es"},"image":{"@id":"https:\/\/belladonna.com.es\/#\/schema\/logo\/image\/"}}]}},"uagb_featured_image_src":{"full":false,"thumbnail":false,"medium":false,"medium_large":false,"large":false,"1536x1536":false,"2048x2048":false,"trp-custom-language-flag":false},"uagb_author_info":{"display_name":"9p6paymrwxqa","author_link":"https:\/\/belladonna.com.es\/en\/author\/9p6paymrwxqa\/"},"uagb_comment_info":0,"uagb_excerpt":"Nuestra Misi\u00f3n Proporcionar a nuestros clientes una experiencia de belleza \u00fanica y satisfactoria, combinando calidad, profesionalismo y calidez en cada [&hellip;]","_links":{"self":[{"href":"https:\/\/belladonna.com.es\/en\/wp-json\/wp\/v2\/pages\/281","targetHints":{"allow":["GET"]}}],"collection":[{"href":"https:\/\/belladonna.com.es\/en\/wp-json\/wp\/v2\/pages"}],"about":[{"href":"https:\/\/belladonna.com.es\/en\/wp-json\/wp\/v2\/types\/page"}],"author":[{"embeddable":true,"href":"https:\/\/belladonna.com.es\/en\/wp-json\/wp\/v2\/users\/3"}],"replies":[{"embeddable":true,"href":"https:\/\/belladonna.com.es\/en\/wp-json\/wp\/v2\/comments?post=281"}],"version-history":[{"count":4,"href":"https:\/\/belladonna.com.es\/en\/wp-json\/wp\/v2\/pages\/281\/revisions"}],"predecessor-version":[{"id":660,"href":"https:\/\/belladonna.com.es\/en\/wp-json\/wp\/v2\/pages\/281\/revisions\/660"}],"wp:attachment":[{"href":"https:\/\/belladonna.com.es\/en\/wp-json\/wp\/v2\/media?parent=281"}],"curies":[{"name":"wp","href":"https:\/\/api.w.org\/{rel}","templated":true}]}}