{"id":282,"date":"2025-05-13T08:15:25","date_gmt":"2025-05-13T08:15:25","guid":{"rendered":"https:\/\/belladonna.com.es\/?page_id=282"},"modified":"2026-03-13T10:44:04","modified_gmt":"2026-03-13T10:44:04","slug":"servicios","status":"publish","type":"page","link":"https:\/\/belladonna.com.es\/en\/servicios\/","title":{"rendered":"Servicios"},"content":{"rendered":"<div class=\"wp-block-uagb-container uagb-block-66ebd6c7 alignfull uagb-is-root-container\"><div class=\"uagb-container-inner-blocks-wrap\">\n<div class=\"wp-block-uagb-info-box uagb-block-82c56a1d uagb-infobox__content-wrap  uagb-infobox-icon-above-title uagb-infobox-image-valign-top wp-block-uagb-info-box--has-margin\"><div class=\"uagb-infobox-margin-wrapper\"><div class=\"uagb-ifb-content\"><div class=\"uagb-ifb-title-wrap\"><p class=\"uagb-ifb-title-prefix\">peluquer\u00eda en dos hermanas<\/p><h1 class=\"uagb-ifb-title\">Calidad y Estilo<\/h1><\/div><p class=\"uagb-ifb-desc\">Descubre nuestra amplia gama de servicios de peluquer\u00eda en Dos Hermanas, dise\u00f1ados para brindarte una experiencia excepcional y realzar tu belleza \u00fanica.<\/p><\/div><\/div><\/div>\n<\/div><\/div>\n\n\n\n<div class=\"wp-block-uagb-container uagb-block-d71bdf7c alignfull uagb-is-root-container\"><div class=\"uagb-container-inner-blocks-wrap\">\n<div class=\"wp-block-uagb-container uagb-block-bb0ef932\">\n<div class=\"wp-block-uagb-image uagb-block-57e8f015 wp-block-uagb-image--layout-default wp-block-uagb-image--effect-static wp-block-uagb-image--align-none\"><figure class=\"wp-block-uagb-image__figure\"><img decoding=\"async\" srcset=\"https:\/\/belladonna.com.es\/wp-content\/uploads\/2025\/05\/p4.jpg ,https:\/\/belladonna.com.es\/wp-content\/uploads\/2025\/05\/p4.jpg 780w, https:\/\/belladonna.com.es\/wp-content\/uploads\/2025\/05\/p4.jpg 360w\" sizes=\"auto, (max-width: 480px) 150px\" src=\"https:\/\/belladonna.com.es\/wp-content\/uploads\/2025\/05\/p4.jpg\" alt=\"Dona\" class=\"uag-image-582\" width=\"640\" height=\"420\" title=\"Dona\" loading=\"lazy\" role=\"img\"\/><\/figure><\/div>\n\n\n\n<div class=\"wp-block-uagb-container uagb-block-9fb1cfdd\">\n<div class=\"wp-block-uagb-advanced-heading uagb-block-f93e100e\"><h2 class=\"uagb-heading-text\">Peluquer\u00eda en Dos Hermanas<\/h2><p class=\"uagb-desc-text\">Nuestra secci\u00f3n de peluquer\u00eda destaca por ofrecer cortes de cabello modernos, tintes vibrantes, alisados profesionales y tratamientos efectivos contra la ca\u00edda del cabello, todo adaptado a tu estilo personal y necesidades.<\/p><\/div>\n<\/div>\n<\/div>\n\n\n\n<div class=\"wp-block-uagb-container uagb-block-2fbdad21\">\n<div class=\"wp-block-uagb-container uag-blocks-common-selector uagb-block-704ca9f3\">\n<div class=\"wp-block-uagb-advanced-heading uagb-block-d2334ebe\"><h2 class=\"uagb-heading-text\">Est\u00e9tica<\/h2><p class=\"uagb-desc-text\">En est\u00e9tica, brindamos lifting de pesta\u00f1as, manicura permanente, microblading y maquillaje, todo realizado por profesionales altamente capacitados para lograr resultados impresionantes y duraderos que resalten tu belleza natural.<\/p><\/div>\n<\/div>\n\n\n\n<div class=\"wp-block-uagb-image uagb-block-a3c5965c wp-block-uagb-image--layout-default wp-block-uagb-image--effect-static wp-block-uagb-image--align-none\"><figure class=\"wp-block-uagb-image__figure\"><img decoding=\"async\" srcset=\"https:\/\/belladonna.com.es\/wp-content\/uploads\/2025\/05\/p9.jpg ,https:\/\/belladonna.com.es\/wp-content\/uploads\/2025\/05\/p9.jpg 780w, https:\/\/belladonna.com.es\/wp-content\/uploads\/2025\/05\/p9.jpg 360w\" sizes=\"auto, (max-width: 480px) 150px\" src=\"https:\/\/belladonna.com.es\/wp-content\/uploads\/2025\/05\/p9.jpg\" alt=\"Pesta\u00f1as\" class=\"uag-image-590\" width=\"640\" height=\"420\" title=\"Pesta\u00f1as\" loading=\"lazy\" role=\"img\"\/><\/figure><\/div>\n<\/div>\n\n\n\n<div class=\"wp-block-uagb-container uagb-block-ba35647c\">\n<div class=\"wp-block-uagb-image uagb-block-14598583 wp-block-uagb-image--layout-default wp-block-uagb-image--effect-static wp-block-uagb-image--align-none\"><figure class=\"wp-block-uagb-image__figure\"><img decoding=\"async\" srcset=\"https:\/\/belladonna.com.es\/wp-content\/uploads\/2025\/05\/p10.jpg ,https:\/\/belladonna.com.es\/wp-content\/uploads\/2025\/05\/p10.jpg 780w, https:\/\/belladonna.com.es\/wp-content\/uploads\/2025\/05\/p10.jpg 360w\" sizes=\"auto, (max-width: 480px) 150px\" src=\"https:\/\/belladonna.com.es\/wp-content\/uploads\/2025\/05\/p10.jpg\" alt=\"Masaje\" class=\"uag-image-592\" width=\"640\" height=\"420\" title=\"Masaje\" loading=\"lazy\" role=\"img\"\/><\/figure><\/div>\n\n\n\n<div class=\"wp-block-uagb-container uagb-block-4bc39a8c\">\n<div class=\"wp-block-uagb-advanced-heading uagb-block-caead465\"><h2 class=\"uagb-heading-text\">Bienestar<\/h2><p class=\"uagb-desc-text\">Ofrecemos masajes descontracturantes y relajantes, limpieza de cutis y servicios de spa, dise\u00f1ados para revitalizar tanto tu cuerpo como tu mente, garantizando una experiencia de bienestar integral que te dejar\u00e1 renovado.<\/p><\/div>\n<\/div>\n<\/div>\n\n\n\n<div class=\"wp-block-uagb-container uagb-block-7e84b475\">\n<div class=\"wp-block-uagb-info-box uagb-block-9e5f203b uagb-infobox__content-wrap  uagb-infobox-icon-above-title uagb-infobox-image-valign-top wp-block-uagb-info-box--has-margin\"><div class=\"uagb-infobox-margin-wrapper\"><div class=\"uagb-ifb-content\"><div class=\"uagb-ifb-title-wrap\"><p class=\"uagb-ifb-title-prefix\">\u00a1No esperes m\u00e1s!<\/p><h2 class=\"uagb-ifb-title\">Agenda tu cita hoy mismo<\/h2><\/div><p class=\"uagb-ifb-desc\">Cont\u00e1ctanos para descubrir c\u00f3mo podemos ayudarte a resaltar tu belleza y bienestar con nuestros servicios profesionales. <a href=\"https:\/\/www.google.com\/maps\/place\/C.+Alb%C3%A9niz,+29,+41704+Dos+Hermanas,+Sevilla\/@37.2924969,-5.9233182,20.5z\/data=!4m6!3m5!1s0xd127043c8c234c9:0x34315e72c8b6777b!8m2!3d37.2924475!4d-5.9230328!16s%2Fg%2F11nnkw21fk?entry=ttu&amp;g_ep=EgoyMDI2MDMxMC4wIKXMDSoASAFQAw%3D%3D\">Estamos en Dos Hermanas<\/a>.<\/p><div class=\"uagb-ifb-button-wrapper wp-block-button\"><a href=\"\/en\/contact\/\" class=\"uagb-infobox-cta-link wp-block-button__link\" target=\"_self\" rel=\"noopener noreferrer\" onclick=\"return true;\"><span class=\"uagb-inline-editing\">Cont\u00e1ctanos<\/span><\/a><\/div><\/div><\/div><\/div>\n<\/div>\n\n\n\n<div class=\"wp-block-uagb-container uagb-block-a01269d3\">\n<div class=\"wp-block-uagb-container uag-blocks-common-selector uagb-block-f8163f3f\">\n<div class=\"wp-block-uagb-advanced-heading uagb-block-14fb8bc2\"><h2 class=\"uagb-heading-text\">Rayos UVA<\/h2><p class=\"uagb-desc-text\">Nuestra cabina de rayos UVA ofrece un bronceado uniforme y saludable. Usamos tecnolog\u00eda avanzada para asegurar resultados \u00f3ptimos, mientras cuidamos tu piel y la mantenemos protegida durante el proceso.<\/p><\/div>\n<\/div>\n\n\n\n<div class=\"wp-block-uagb-image uagb-block-90438f35 wp-block-uagb-image--layout-default wp-block-uagb-image--effect-static wp-block-uagb-image--align-none\"><figure class=\"wp-block-uagb-image__figure\"><img decoding=\"async\" srcset=\"https:\/\/belladonna.com.es\/wp-content\/uploads\/2025\/05\/p11.jpg ,https:\/\/belladonna.com.es\/wp-content\/uploads\/2025\/05\/p11.jpg 780w, https:\/\/belladonna.com.es\/wp-content\/uploads\/2025\/05\/p11.jpg 360w\" sizes=\"auto, (max-width: 480px) 150px\" src=\"https:\/\/belladonna.com.es\/wp-content\/uploads\/2025\/05\/p11.jpg\" alt=\"UVA\" class=\"uag-image-584\" width=\"640\" height=\"420\" title=\"UVA\" loading=\"lazy\" role=\"img\"\/><\/figure><\/div>\n<\/div>\n\n\n\n<div class=\"wp-block-uagb-container uagb-block-4d2680fd\">\n<div class=\"wp-block-uagb-image uagb-block-145c7d19 wp-block-uagb-image--layout-default wp-block-uagb-image--effect-static wp-block-uagb-image--align-none\"><figure class=\"wp-block-uagb-image__figure\"><img decoding=\"async\" srcset=\"https:\/\/belladonna.com.es\/wp-content\/uploads\/2025\/05\/p2.jpg ,https:\/\/belladonna.com.es\/wp-content\/uploads\/2025\/05\/p2.jpg 780w, https:\/\/belladonna.com.es\/wp-content\/uploads\/2025\/05\/p2.jpg 360w\" sizes=\"auto, (max-width: 480px) 150px\" src=\"https:\/\/belladonna.com.es\/wp-content\/uploads\/2025\/05\/p2.jpg\" alt=\"Pelo\" class=\"uag-image-594\" width=\"640\" height=\"420\" title=\"Pelo\" loading=\"lazy\" role=\"img\"\/><\/figure><\/div>\n\n\n\n<div class=\"wp-block-uagb-container uagb-block-c6a826d7\">\n<div class=\"wp-block-uagb-advanced-heading uagb-block-044cf043\"><h2 class=\"uagb-heading-text\">Tratamientos Capilares<\/h2><p class=\"uagb-desc-text\">Con una variedad de tratamientos espec\u00edficos, como hidrataci\u00f3n profunda y recuperaci\u00f3n capilar, trabajamos para mantener la salud de tu cabello, devolvi\u00e9ndole brillo y fortalezas despu\u00e9s de cada sesi\u00f3n.<\/p><\/div>\n<\/div>\n<\/div>\n\n\n\n<div class=\"wp-block-uagb-container uagb-block-2e23f7ae\">\n<div class=\"wp-block-uagb-container uag-blocks-common-selector uagb-block-c27a1497\">\n<div class=\"wp-block-uagb-advanced-heading uagb-block-705a7b3b\"><h2 class=\"uagb-heading-text\">Promociones Especiales<\/h2><p class=\"uagb-desc-text\">Ofrecemos sorteos y promociones peri\u00f3dicas para que nuestros clientes disfruten de servicios exclusivos a precios accesibles. Visita nuestra secci\u00f3n de promociones para conocer las \u00faltimas ofertas y sorpresas que tenemos preparadas.<\/p><\/div>\n<\/div>\n\n\n\n<div class=\"wp-block-uagb-image uagb-block-779cdfbb wp-block-uagb-image--layout-default wp-block-uagb-image--effect-static wp-block-uagb-image--align-none\"><figure class=\"wp-block-uagb-image__figure\"><img decoding=\"async\" srcset=\"https:\/\/belladonna.com.es\/wp-content\/uploads\/2025\/05\/p5.jpg ,https:\/\/belladonna.com.es\/wp-content\/uploads\/2025\/05\/p5.jpg 780w, https:\/\/belladonna.com.es\/wp-content\/uploads\/2025\/05\/p5.jpg 360w\" sizes=\"auto, (max-width: 480px) 150px\" src=\"https:\/\/belladonna.com.es\/wp-content\/uploads\/2025\/05\/p5.jpg\" alt=\"Peinado\" class=\"uag-image-593\" width=\"640\" height=\"420\" title=\"Peinado\" loading=\"lazy\" role=\"img\"\/><\/figure><\/div>\n<\/div>\n<\/div><\/div>\n\n\n\n<div class=\"wp-block-uagb-container uagb-block-e9dddb7d alignfull uagb-is-root-container\"><div class=\"uagb-container-inner-blocks-wrap\">\n<div class=\"wp-block-uagb-info-box uagb-block-5cd1a49c uagb-infobox__content-wrap  uagb-infobox-icon-above-title uagb-infobox-image-valign-top wp-block-uagb-info-box--has-margin\"><div class=\"uagb-infobox-margin-wrapper\"><div class=\"uagb-ifb-content\"><div class=\"uagb-ifb-title-wrap\"><p class=\"uagb-ifb-title-prefix\">Cont\u00e1ctanos Hoy<\/p><h2 class=\"uagb-ifb-title\">\u00a1No esperes m\u00e1s para lucir espectacular!<\/h2><\/div><p class=\"uagb-ifb-desc\">Solicita tu cita con nosotros y descubre la experiencia de belleza que mereces.<\/p><div class=\"uagb-ifb-button-wrapper wp-block-button\"><a href=\"\/en\/contact\/\" class=\"uagb-infobox-cta-link wp-block-button__link\" target=\"_self\" rel=\"noopener noreferrer\" onclick=\"return true;\"><span class=\"uagb-inline-editing\">Cont\u00e1ctanos<\/span><\/a><\/div><\/div><\/div><\/div>\n<\/div><\/div>","protected":false},"excerpt":{"rendered":"<p>Peluquer\u00eda en Dos Hermanas Nuestra secci\u00f3n de peluquer\u00eda destaca por ofrecer cortes de cabello modernos, tintes vibrantes, alisados profesionales y [&hellip;]<\/p>","protected":false},"author":3,"featured_media":0,"parent":0,"menu_order":0,"comment_status":"closed","ping_status":"closed","template":"","meta":{"_uag_custom_page_level_css":"","site-sidebar-layout":"default","site-content-layout":"","ast-site-content-layout":"default","site-content-style":"default","site-sidebar-style":"default","ast-global-header-display":"","ast-banner-title-visibility":"","ast-main-header-display":"","ast-hfb-above-header-display":"","ast-hfb-below-header-display":"","ast-hfb-mobile-header-display":"","site-post-title":"disabled","ast-breadcrumbs-content":"","ast-featured-img":"","footer-sml-layout":"","ast-disable-related-posts":"","theme-transparent-header-meta":"","adv-header-id-meta":"","stick-header-meta":"","header-above-stick-meta":"","header-main-stick-meta":"","header-below-stick-meta":"","astra-migrate-meta-layouts":"default","ast-page-background-enabled":"default","ast-page-background-meta":{"desktop":{"background-color":"var(--ast-global-color-4)","background-image":"","background-repeat":"repeat","background-position":"center center","background-size":"auto","background-attachment":"scroll","background-type":"","background-media":"","overlay-type":"","overlay-color":"","overlay-opacity":"","overlay-gradient":""},"tablet":{"background-color":"","background-image":"","background-repeat":"repeat","background-position":"center center","background-size":"auto","background-attachment":"scroll","background-type":"","background-media":"","overlay-type":"","overlay-color":"","overlay-opacity":"","overlay-gradient":""},"mobile":{"background-color":"","background-image":"","background-repeat":"repeat","background-position":"center center","background-size":"auto","background-attachment":"scroll","background-type":"","background-media":"","overlay-type":"","overlay-color":"","overlay-opacity":"","overlay-gradient":""}},"ast-content-background-meta":{"desktop":{"background-color":"var(--ast-global-color-5)","background-image":"","background-repeat":"repeat","background-position":"center center","background-size":"auto","background-attachment":"scroll","background-type":"","background-media":"","overlay-type":"","overlay-color":"","overlay-opacity":"","overlay-gradient":""},"tablet":{"background-color":"var(--ast-global-color-5)","background-image":"","background-repeat":"repeat","background-position":"center center","background-size":"auto","background-attachment":"scroll","background-type":"","background-media":"","overlay-type":"","overlay-color":"","overlay-opacity":"","overlay-gradient":""},"mobile":{"background-color":"var(--ast-global-color-5)","background-image":"","background-repeat":"repeat","background-position":"center center","background-size":"auto","background-attachment":"scroll","background-type":"","background-media":"","overlay-type":"","overlay-color":"","overlay-opacity":"","overlay-gradient":""}},"footnotes":""},"class_list":["post-282","page","type-page","status-publish","hentry"],"yoast_head":"<!-- This site is optimized with the Yoast SEO plugin v25.1 - https:\/\/yoast.com\/wordpress\/plugins\/seo\/ -->\n<title>Servicios | Peluquer\u00eda y Est\u00e9tica en Dos Hermanas | Belladonna<\/title>\n<meta name=\"description\" content=\"Servicios de peluquer\u00eda y est\u00e9tica en Dos Hermanas (Sevilla), dise\u00f1ados para brindarte una experiencia excepcional.\" \/>\n<meta name=\"robots\" content=\"index, follow, max-snippet:-1, max-image-preview:large, max-video-preview:-1\" \/>\n<link rel=\"canonical\" href=\"https:\/\/belladonna.com.es\/en\/servicios\/\" \/>\n<meta property=\"og:locale\" content=\"en_US\" \/>\n<meta property=\"og:type\" content=\"article\" \/>\n<meta property=\"og:title\" content=\"Servicios | Peluquer\u00eda y Est\u00e9tica en Dos Hermanas | Belladonna\" \/>\n<meta property=\"og:description\" content=\"Servicios de peluquer\u00eda y est\u00e9tica en Dos Hermanas (Sevilla), dise\u00f1ados para brindarte una experiencia excepcional.\" \/>\n<meta property=\"og:url\" content=\"https:\/\/belladonna.com.es\/en\/servicios\/\" \/>\n<meta property=\"og:site_name\" content=\"belladonna.com.es\" \/>\n<meta property=\"article:modified_time\" content=\"2026-03-13T10:44:04+00:00\" \/>\n<meta property=\"og:image\" content=\"https:\/\/belladonna.com.es\/wp-content\/uploads\/2025\/05\/p4.jpg\" \/>\n<meta name=\"twitter:card\" content=\"summary_large_image\" \/>\n<meta name=\"twitter:label1\" content=\"Est. reading time\" \/>\n\t<meta name=\"twitter:data1\" content=\"3 minutes\" \/>\n<script type=\"application\/ld+json\" class=\"yoast-schema-graph\">{\"@context\":\"https:\/\/schema.org\",\"@graph\":[{\"@type\":\"WebPage\",\"@id\":\"https:\/\/belladonna.com.es\/servicios\/\",\"url\":\"https:\/\/belladonna.com.es\/servicios\/\",\"name\":\"Servicios | Peluquer\u00eda y Est\u00e9tica en Dos Hermanas | Belladonna\",\"isPartOf\":{\"@id\":\"https:\/\/belladonna.com.es\/#website\"},\"primaryImageOfPage\":{\"@id\":\"https:\/\/belladonna.com.es\/servicios\/#primaryimage\"},\"image\":{\"@id\":\"https:\/\/belladonna.com.es\/servicios\/#primaryimage\"},\"thumbnailUrl\":\"https:\/\/belladonna.com.es\/wp-content\/uploads\/2025\/05\/p4.jpg\",\"datePublished\":\"2025-05-13T08:15:25+00:00\",\"dateModified\":\"2026-03-13T10:44:04+00:00\",\"description\":\"Servicios de peluquer\u00eda y est\u00e9tica en Dos Hermanas (Sevilla), dise\u00f1ados para brindarte una experiencia excepcional.\",\"breadcrumb\":{\"@id\":\"https:\/\/belladonna.com.es\/servicios\/#breadcrumb\"},\"inLanguage\":\"en-US\",\"potentialAction\":[{\"@type\":\"ReadAction\",\"target\":[\"https:\/\/belladonna.com.es\/servicios\/\"]}]},{\"@type\":\"ImageObject\",\"inLanguage\":\"en-US\",\"@id\":\"https:\/\/belladonna.com.es\/servicios\/#primaryimage\",\"url\":\"https:\/\/belladonna.com.es\/wp-content\/uploads\/2025\/05\/p4.jpg\",\"contentUrl\":\"https:\/\/belladonna.com.es\/wp-content\/uploads\/2025\/05\/p4.jpg\"},{\"@type\":\"BreadcrumbList\",\"@id\":\"https:\/\/belladonna.com.es\/servicios\/#breadcrumb\",\"itemListElement\":[{\"@type\":\"ListItem\",\"position\":1,\"name\":\"Home\",\"item\":\"https:\/\/belladonna.com.es\/\"},{\"@type\":\"ListItem\",\"position\":2,\"name\":\"Servicios\"}]},{\"@type\":\"WebSite\",\"@id\":\"https:\/\/belladonna.com.es\/#website\",\"url\":\"https:\/\/belladonna.com.es\/\",\"name\":\"belladonna.com.es\",\"description\":\"\",\"publisher\":{\"@id\":\"https:\/\/belladonna.com.es\/#organization\"},\"potentialAction\":[{\"@type\":\"SearchAction\",\"target\":{\"@type\":\"EntryPoint\",\"urlTemplate\":\"https:\/\/belladonna.com.es\/?s={search_term_string}\"},\"query-input\":{\"@type\":\"PropertyValueSpecification\",\"valueRequired\":true,\"valueName\":\"search_term_string\"}}],\"inLanguage\":\"en-US\"},{\"@type\":\"Organization\",\"@id\":\"https:\/\/belladonna.com.es\/#organization\",\"name\":\"belladonna.com.es\",\"url\":\"https:\/\/belladonna.com.es\/\",\"logo\":{\"@type\":\"ImageObject\",\"inLanguage\":\"en-US\",\"@id\":\"https:\/\/belladonna.com.es\/#\/schema\/logo\/image\/\",\"url\":\"https:\/\/belladonna.com.es\/wp-content\/uploads\/2025\/05\/zipwp-image-5012.jpg\",\"contentUrl\":\"https:\/\/belladonna.com.es\/wp-content\/uploads\/2025\/05\/zipwp-image-5012.jpg\",\"width\":200,\"height\":200,\"caption\":\"belladonna.com.es\"},\"image\":{\"@id\":\"https:\/\/belladonna.com.es\/#\/schema\/logo\/image\/\"}}]}<\/script>\n<!-- \/ Yoast SEO plugin. -->","yoast_head_json":{"title":"Servicios | Peluquer\u00eda y Est\u00e9tica en Dos Hermanas | Belladonna","description":"Servicios de peluquer\u00eda y est\u00e9tica en Dos Hermanas (Sevilla), dise\u00f1ados para brindarte una experiencia excepcional.","robots":{"index":"index","follow":"follow","max-snippet":"max-snippet:-1","max-image-preview":"max-image-preview:large","max-video-preview":"max-video-preview:-1"},"canonical":"https:\/\/belladonna.com.es\/en\/servicios\/","og_locale":"en_US","og_type":"article","og_title":"Servicios | Peluquer\u00eda y Est\u00e9tica en Dos Hermanas | Belladonna","og_description":"Servicios de peluquer\u00eda y est\u00e9tica en Dos Hermanas (Sevilla), dise\u00f1ados para brindarte una experiencia excepcional.","og_url":"https:\/\/belladonna.com.es\/en\/servicios\/","og_site_name":"belladonna.com.es","article_modified_time":"2026-03-13T10:44:04+00:00","og_image":[{"url":"https:\/\/belladonna.com.es\/wp-content\/uploads\/2025\/05\/p4.jpg","type":"","width":"","height":""}],"twitter_card":"summary_large_image","twitter_misc":{"Est. reading time":"3 minutes"},"schema":{"@context":"https:\/\/schema.org","@graph":[{"@type":"WebPage","@id":"https:\/\/belladonna.com.es\/servicios\/","url":"https:\/\/belladonna.com.es\/servicios\/","name":"Servicios | Peluquer\u00eda y Est\u00e9tica en Dos Hermanas | Belladonna","isPartOf":{"@id":"https:\/\/belladonna.com.es\/#website"},"primaryImageOfPage":{"@id":"https:\/\/belladonna.com.es\/servicios\/#primaryimage"},"image":{"@id":"https:\/\/belladonna.com.es\/servicios\/#primaryimage"},"thumbnailUrl":"https:\/\/belladonna.com.es\/wp-content\/uploads\/2025\/05\/p4.jpg","datePublished":"2025-05-13T08:15:25+00:00","dateModified":"2026-03-13T10:44:04+00:00","description":"Servicios de peluquer\u00eda y est\u00e9tica en Dos Hermanas (Sevilla), dise\u00f1ados para brindarte una experiencia excepcional.","breadcrumb":{"@id":"https:\/\/belladonna.com.es\/servicios\/#breadcrumb"},"inLanguage":"en-US","potentialAction":[{"@type":"ReadAction","target":["https:\/\/belladonna.com.es\/servicios\/"]}]},{"@type":"ImageObject","inLanguage":"en-US","@id":"https:\/\/belladonna.com.es\/servicios\/#primaryimage","url":"https:\/\/belladonna.com.es\/wp-content\/uploads\/2025\/05\/p4.jpg","contentUrl":"https:\/\/belladonna.com.es\/wp-content\/uploads\/2025\/05\/p4.jpg"},{"@type":"BreadcrumbList","@id":"https:\/\/belladonna.com.es\/servicios\/#breadcrumb","itemListElement":[{"@type":"ListItem","position":1,"name":"Home","item":"https:\/\/belladonna.com.es\/"},{"@type":"ListItem","position":2,"name":"Servicios"}]},{"@type":"WebSite","@id":"https:\/\/belladonna.com.es\/#website","url":"https:\/\/belladonna.com.es\/","name":"belladonna.com.es","description":"","publisher":{"@id":"https:\/\/belladonna.com.es\/#organization"},"potentialAction":[{"@type":"SearchAction","target":{"@type":"EntryPoint","urlTemplate":"https:\/\/belladonna.com.es\/?s={search_term_string}"},"query-input":{"@type":"PropertyValueSpecification","valueRequired":true,"valueName":"search_term_string"}}],"inLanguage":"en-US"},{"@type":"Organization","@id":"https:\/\/belladonna.com.es\/#organization","name":"belladonna.com.es","url":"https:\/\/belladonna.com.es\/","logo":{"@type":"ImageObject","inLanguage":"en-US","@id":"https:\/\/belladonna.com.es\/#\/schema\/logo\/image\/","url":"https:\/\/belladonna.com.es\/wp-content\/uploads\/2025\/05\/zipwp-image-5012.jpg","contentUrl":"https:\/\/belladonna.com.es\/wp-content\/uploads\/2025\/05\/zipwp-image-5012.jpg","width":200,"height":200,"caption":"belladonna.com.es"},"image":{"@id":"https:\/\/belladonna.com.es\/#\/schema\/logo\/image\/"}}]}},"uagb_featured_image_src":{"full":false,"thumbnail":false,"medium":false,"medium_large":false,"large":false,"1536x1536":false,"2048x2048":false,"trp-custom-language-flag":false},"uagb_author_info":{"display_name":"9p6paymrwxqa","author_link":"https:\/\/belladonna.com.es\/en\/author\/9p6paymrwxqa\/"},"uagb_comment_info":0,"uagb_excerpt":"Peluquer\u00eda en Dos Hermanas Nuestra secci\u00f3n de peluquer\u00eda destaca por ofrecer cortes de cabello modernos, tintes vibrantes, alisados profesionales y [&hellip;]","_links":{"self":[{"href":"https:\/\/belladonna.com.es\/en\/wp-json\/wp\/v2\/pages\/282","targetHints":{"allow":["GET"]}}],"collection":[{"href":"https:\/\/belladonna.com.es\/en\/wp-json\/wp\/v2\/pages"}],"about":[{"href":"https:\/\/belladonna.com.es\/en\/wp-json\/wp\/v2\/types\/page"}],"author":[{"embeddable":true,"href":"https:\/\/belladonna.com.es\/en\/wp-json\/wp\/v2\/users\/3"}],"replies":[{"embeddable":true,"href":"https:\/\/belladonna.com.es\/en\/wp-json\/wp\/v2\/comments?post=282"}],"version-history":[{"count":5,"href":"https:\/\/belladonna.com.es\/en\/wp-json\/wp\/v2\/pages\/282\/revisions"}],"predecessor-version":[{"id":658,"href":"https:\/\/belladonna.com.es\/en\/wp-json\/wp\/v2\/pages\/282\/revisions\/658"}],"wp:attachment":[{"href":"https:\/\/belladonna.com.es\/en\/wp-json\/wp\/v2\/media?parent=282"}],"curies":[{"name":"wp","href":"https:\/\/api.w.org\/{rel}","templated":true}]}}