{"id":284,"date":"2025-05-13T08:15:25","date_gmt":"2025-05-13T08:15:25","guid":{"rendered":"https:\/\/belladonna.com.es\/?page_id=284"},"modified":"2026-02-04T08:10:30","modified_gmt":"2026-02-04T08:10:30","slug":"portfolio","status":"publish","type":"page","link":"https:\/\/belladonna.com.es\/en\/portfolio\/","title":{"rendered":"Im\u00e1genes"},"content":{"rendered":"<div class=\"wp-block-uagb-container uagb-block-66ebd6c7 alignfull uagb-is-root-container\"><div class=\"uagb-container-inner-blocks-wrap\">\n<div class=\"wp-block-uagb-info-box uagb-block-82c56a1d uagb-infobox__content-wrap  uagb-infobox-icon-above-title uagb-infobox-image-valign-top wp-block-uagb-info-box--has-margin\"><div class=\"uagb-infobox-margin-wrapper\"><div class=\"uagb-ifb-content\"><div class=\"uagb-ifb-title-wrap\"><p class=\"uagb-ifb-title-prefix\">Galer\u00eda<\/p><h1 class=\"uagb-ifb-title\">Nuestros trabajos destacados<\/h1><\/div><p class=\"uagb-ifb-desc\">Descubre nuestros servicios de peluquer\u00eda y est\u00e9tica a trav\u00e9s de una selecci\u00f3n de trabajos recientes que reflejan nuestra dedicaci\u00f3n y calidad.<\/p><\/div><\/div><\/div>\n<\/div><\/div>\n\n\n\n<div class=\"wp-block-uagb-container uagb-block-3b638392 alignfull uagb-is-root-container\"><div class=\"uagb-container-inner-blocks-wrap\">\n<div class=\"wp-block-uagb-container uagb-layout-grid uagb-block-1be1c82c\">\n<div class=\"wp-block-uagb-image uagb-block-f835309e wp-block-uagb-image--layout-default wp-block-uagb-image--effect-static wp-block-uagb-image--align-none\"><figure class=\"wp-block-uagb-image__figure\"><img decoding=\"async\" srcset=\"https:\/\/belladonna.com.es\/wp-content\/uploads\/2025\/05\/p16.jpg ,https:\/\/belladonna.com.es\/wp-content\/uploads\/2025\/05\/p16.jpg 780w, https:\/\/belladonna.com.es\/wp-content\/uploads\/2025\/05\/p16.jpg 360w\" sizes=\"auto, (max-width: 480px) 150px\" src=\"https:\/\/belladonna.com.es\/wp-content\/uploads\/2025\/05\/p16.jpg\" alt=\"\" class=\"uag-image-587\" width=\"584\" height=\"600\" title=\"portfolio-img-01\" loading=\"lazy\" role=\"img\"\/><\/figure><\/div>\n\n\n\n<div class=\"wp-block-uagb-container uagb-layout-grid uagb-block-662118c9\">\n<div class=\"wp-block-uagb-image uagb-block-da8f08e5 wp-block-uagb-image--layout-default wp-block-uagb-image--effect-static wp-block-uagb-image--align-none\"><figure class=\"wp-block-uagb-image__figure\"><img decoding=\"async\" srcset=\"https:\/\/belladonna.com.es\/wp-content\/uploads\/2025\/05\/p8.jpg ,https:\/\/belladonna.com.es\/wp-content\/uploads\/2025\/05\/p8.jpg 780w, https:\/\/belladonna.com.es\/wp-content\/uploads\/2025\/05\/p8.jpg 360w\" sizes=\"auto, (max-width: 480px) 150px\" src=\"https:\/\/belladonna.com.es\/wp-content\/uploads\/2025\/05\/p8.jpg\" alt=\"\" class=\"uag-image-586\" width=\"296\" height=\"360\" title=\"portfolio-img-02\" loading=\"lazy\" role=\"img\"\/><\/figure><\/div>\n\n\n\n<div class=\"wp-block-uagb-image uagb-block-1982f307 wp-block-uagb-image--layout-default wp-block-uagb-image--effect-static wp-block-uagb-image--align-none\"><figure class=\"wp-block-uagb-image__figure\"><img decoding=\"async\" srcset=\"https:\/\/belladonna.com.es\/wp-content\/uploads\/2025\/05\/p9.jpg ,https:\/\/belladonna.com.es\/wp-content\/uploads\/2025\/05\/p9.jpg 780w, https:\/\/belladonna.com.es\/wp-content\/uploads\/2025\/05\/p9.jpg 360w\" sizes=\"auto, (max-width: 480px) 150px\" src=\"https:\/\/belladonna.com.es\/wp-content\/uploads\/2025\/05\/p9.jpg\" alt=\"\" class=\"uag-image-590\" width=\"296\" height=\"224\" title=\"portfolio-img-03\" loading=\"lazy\" role=\"img\"\/><\/figure><\/div>\n<\/div>\n\n\n\n<div class=\"wp-block-uagb-container uagb-layout-grid uagb-block-f4843205\">\n<div class=\"wp-block-uagb-image uagb-block-477b2085 wp-block-uagb-image--layout-default wp-block-uagb-image--effect-static wp-block-uagb-image--align-none\"><figure class=\"wp-block-uagb-image__figure\"><img decoding=\"async\" srcset=\"https:\/\/belladonna.com.es\/wp-content\/uploads\/2025\/05\/p14.jpg ,https:\/\/belladonna.com.es\/wp-content\/uploads\/2025\/05\/p14.jpg 780w, https:\/\/belladonna.com.es\/wp-content\/uploads\/2025\/05\/p14.jpg 360w\" sizes=\"auto, (max-width: 480px) 150px\" src=\"https:\/\/belladonna.com.es\/wp-content\/uploads\/2025\/05\/p14.jpg\" alt=\"\" class=\"uag-image-580\" width=\"296\" height=\"224\" title=\"portfolio-img-04\" loading=\"lazy\" role=\"img\"\/><\/figure><\/div>\n\n\n\n<div class=\"wp-block-uagb-image uagb-block-cd740cbd wp-block-uagb-image--layout-default wp-block-uagb-image--effect-static wp-block-uagb-image--align-none\"><figure class=\"wp-block-uagb-image__figure\"><img decoding=\"async\" srcset=\"https:\/\/belladonna.com.es\/wp-content\/uploads\/2025\/05\/p3.jpg ,https:\/\/belladonna.com.es\/wp-content\/uploads\/2025\/05\/p3.jpg 780w, https:\/\/belladonna.com.es\/wp-content\/uploads\/2025\/05\/p3.jpg 360w\" sizes=\"auto, (max-width: 480px) 150px\" src=\"https:\/\/belladonna.com.es\/wp-content\/uploads\/2025\/05\/p3.jpg\" alt=\"\" class=\"uag-image-581\" width=\"296\" height=\"360\" title=\"portfolio-img-05\" loading=\"lazy\" role=\"img\"\/><\/figure><\/div>\n<\/div>\n<\/div>\n\n\n\n<div class=\"wp-block-uagb-container uagb-layout-grid uagb-block-95c0dcbd\">\n<div class=\"wp-block-uagb-container uagb-layout-grid uagb-block-d05af003\">\n<div class=\"wp-block-uagb-image uagb-block-d7421fe4 wp-block-uagb-image--layout-default wp-block-uagb-image--effect-static wp-block-uagb-image--align-none\"><figure class=\"wp-block-uagb-image__figure\"><img decoding=\"async\" srcset=\"https:\/\/belladonna.com.es\/wp-content\/uploads\/2025\/05\/p12.jpg ,https:\/\/belladonna.com.es\/wp-content\/uploads\/2025\/05\/p12.jpg 780w, https:\/\/belladonna.com.es\/wp-content\/uploads\/2025\/05\/p12.jpg 360w\" sizes=\"auto, (max-width: 480px) 150px\" src=\"https:\/\/belladonna.com.es\/wp-content\/uploads\/2025\/05\/p12.jpg\" alt=\"\" class=\"uag-image-585\" width=\"296\" height=\"360\" title=\"portfolio-img-06\" loading=\"lazy\" role=\"img\"\/><\/figure><\/div>\n\n\n\n<div class=\"wp-block-uagb-image uagb-block-ac6b5c6a wp-block-uagb-image--layout-default wp-block-uagb-image--effect-static wp-block-uagb-image--align-none\"><figure class=\"wp-block-uagb-image__figure\"><img decoding=\"async\" srcset=\"https:\/\/belladonna.com.es\/wp-content\/uploads\/2025\/05\/p6.jpg ,https:\/\/belladonna.com.es\/wp-content\/uploads\/2025\/05\/p6.jpg 780w, https:\/\/belladonna.com.es\/wp-content\/uploads\/2025\/05\/p6.jpg 360w\" sizes=\"auto, (max-width: 480px) 150px\" src=\"https:\/\/belladonna.com.es\/wp-content\/uploads\/2025\/05\/p6.jpg\" alt=\"\" class=\"uag-image-583\" width=\"296\" height=\"224\" title=\"portfolio-img-07\" loading=\"lazy\" role=\"img\"\/><\/figure><\/div>\n<\/div>\n\n\n\n<div class=\"wp-block-uagb-container uagb-layout-grid uagb-block-f2b4e6b3\">\n<div class=\"wp-block-uagb-image uagb-block-b5078306 wp-block-uagb-image--layout-default wp-block-uagb-image--effect-static wp-block-uagb-image--align-none\"><figure class=\"wp-block-uagb-image__figure\"><img decoding=\"async\" srcset=\"https:\/\/belladonna.com.es\/wp-content\/uploads\/2025\/05\/p7.jpg ,https:\/\/belladonna.com.es\/wp-content\/uploads\/2025\/05\/p7.jpg 780w, https:\/\/belladonna.com.es\/wp-content\/uploads\/2025\/05\/p7.jpg 360w\" sizes=\"auto, (max-width: 480px) 150px\" src=\"https:\/\/belladonna.com.es\/wp-content\/uploads\/2025\/05\/p7.jpg\" alt=\"\" class=\"uag-image-591\" width=\"296\" height=\"224\" title=\"portfolio-img-08\" loading=\"lazy\" role=\"img\"\/><\/figure><\/div>\n\n\n\n<div class=\"wp-block-uagb-image uagb-block-c2a749d4 wp-block-uagb-image--layout-default wp-block-uagb-image--effect-static wp-block-uagb-image--align-none\"><figure class=\"wp-block-uagb-image__figure\"><img decoding=\"async\" srcset=\"https:\/\/belladonna.com.es\/wp-content\/uploads\/2025\/05\/p13.jpg ,https:\/\/belladonna.com.es\/wp-content\/uploads\/2025\/05\/p13.jpg 780w, https:\/\/belladonna.com.es\/wp-content\/uploads\/2025\/05\/p13.jpg 360w\" sizes=\"auto, (max-width: 480px) 150px\" src=\"https:\/\/belladonna.com.es\/wp-content\/uploads\/2025\/05\/p13.jpg\" alt=\"\" class=\"uag-image-589\" width=\"296\" height=\"360\" title=\"portfolio-img-09\" loading=\"lazy\" role=\"img\"\/><\/figure><\/div>\n<\/div>\n\n\n\n<div class=\"wp-block-uagb-image uagb-block-3801e15a wp-block-uagb-image--layout-default wp-block-uagb-image--effect-static wp-block-uagb-image--align-none\"><figure class=\"wp-block-uagb-image__figure\"><img decoding=\"async\" srcset=\"https:\/\/belladonna.com.es\/wp-content\/uploads\/2025\/05\/p2.jpg ,https:\/\/belladonna.com.es\/wp-content\/uploads\/2025\/05\/p2.jpg 780w, https:\/\/belladonna.com.es\/wp-content\/uploads\/2025\/05\/p2.jpg 360w\" sizes=\"auto, (max-width: 480px) 150px\" src=\"https:\/\/belladonna.com.es\/wp-content\/uploads\/2025\/05\/p2.jpg\" alt=\"\" class=\"uag-image-594\" width=\"584\" height=\"600\" title=\"portfolio-img-10\" loading=\"lazy\" role=\"img\"\/><\/figure><\/div>\n<\/div>\n<\/div><\/div>\n\n\n\n<div class=\"wp-block-uagb-container uagb-block-e9dddb7d alignfull uagb-is-root-container\"><div class=\"uagb-container-inner-blocks-wrap\">\n<div class=\"wp-block-uagb-info-box uagb-block-5cd1a49c uagb-infobox__content-wrap  uagb-infobox-icon-above-title uagb-infobox-image-valign-top wp-block-uagb-info-box--has-margin\"><div class=\"uagb-infobox-margin-wrapper\"><div class=\"uagb-ifb-content\"><div class=\"uagb-ifb-title-wrap\"><p class=\"uagb-ifb-title-prefix\">Cont\u00e1ctanos Hoy<\/p><h2 class=\"uagb-ifb-title\">\u00a1No esperes m\u00e1s para lucir espectacular!<\/h2><\/div><p class=\"uagb-ifb-desc\">Solicita tu cita con nosotros y descubre la experiencia de belleza que mereces.<\/p><div class=\"uagb-ifb-button-wrapper wp-block-button\"><a href=\"\/en\/contact\/\" class=\"uagb-infobox-cta-link wp-block-button__link\" target=\"_self\" rel=\"noopener noreferrer\" onclick=\"return true;\"><span class=\"uagb-inline-editing\">Cont\u00e1ctanos<\/span><\/a><\/div><\/div><\/div><\/div>\n<\/div><\/div>","protected":false},"excerpt":{"rendered":"","protected":false},"author":3,"featured_media":0,"parent":0,"menu_order":0,"comment_status":"closed","ping_status":"closed","template":"","meta":{"_uag_custom_page_level_css":"","site-sidebar-layout":"default","site-content-layout":"","ast-site-content-layout":"default","site-content-style":"default","site-sidebar-style":"default","ast-global-header-display":"","ast-banner-title-visibility":"","ast-main-header-display":"","ast-hfb-above-header-display":"","ast-hfb-below-header-display":"","ast-hfb-mobile-header-display":"","site-post-title":"disabled","ast-breadcrumbs-content":"","ast-featured-img":"","footer-sml-layout":"","ast-disable-related-posts":"","theme-transparent-header-meta":"","adv-header-id-meta":"","stick-header-meta":"","header-above-stick-meta":"","header-main-stick-meta":"","header-below-stick-meta":"","astra-migrate-meta-layouts":"default","ast-page-background-enabled":"default","ast-page-background-meta":{"desktop":{"background-color":"var(--ast-global-color-4)","background-image":"","background-repeat":"repeat","background-position":"center center","background-size":"auto","background-attachment":"scroll","background-type":"","background-media":"","overlay-type":"","overlay-color":"","overlay-opacity":"","overlay-gradient":""},"tablet":{"background-color":"","background-image":"","background-repeat":"repeat","background-position":"center center","background-size":"auto","background-attachment":"scroll","background-type":"","background-media":"","overlay-type":"","overlay-color":"","overlay-opacity":"","overlay-gradient":""},"mobile":{"background-color":"","background-image":"","background-repeat":"repeat","background-position":"center center","background-size":"auto","background-attachment":"scroll","background-type":"","background-media":"","overlay-type":"","overlay-color":"","overlay-opacity":"","overlay-gradient":""}},"ast-content-background-meta":{"desktop":{"background-color":"var(--ast-global-color-5)","background-image":"","background-repeat":"repeat","background-position":"center center","background-size":"auto","background-attachment":"scroll","background-type":"","background-media":"","overlay-type":"","overlay-color":"","overlay-opacity":"","overlay-gradient":""},"tablet":{"background-color":"var(--ast-global-color-5)","background-image":"","background-repeat":"repeat","background-position":"center center","background-size":"auto","background-attachment":"scroll","background-type":"","background-media":"","overlay-type":"","overlay-color":"","overlay-opacity":"","overlay-gradient":""},"mobile":{"background-color":"var(--ast-global-color-5)","background-image":"","background-repeat":"repeat","background-position":"center center","background-size":"auto","background-attachment":"scroll","background-type":"","background-media":"","overlay-type":"","overlay-color":"","overlay-opacity":"","overlay-gradient":""}},"footnotes":""},"class_list":["post-284","page","type-page","status-publish","hentry"],"yoast_head":"<!-- This site is optimized with the Yoast SEO plugin v25.1 - https:\/\/yoast.com\/wordpress\/plugins\/seo\/ -->\n<title>Portfolio | Trabajos de Peluquer\u00eda y Est\u00e9tica | Belladonna<\/title>\n<meta name=\"description\" content=\"Mira resultados reales de Belladonna: trabajos de peluquer\u00eda y est\u00e9tica en Dos Hermanas (Sevilla). Insp\u00edrate y pide tu cita.\" \/>\n<meta name=\"robots\" content=\"index, follow, max-snippet:-1, max-image-preview:large, max-video-preview:-1\" \/>\n<link rel=\"canonical\" href=\"https:\/\/belladonna.com.es\/en\/portfolio\/\" \/>\n<meta property=\"og:locale\" content=\"en_US\" \/>\n<meta property=\"og:type\" content=\"article\" \/>\n<meta property=\"og:title\" content=\"Portfolio | Trabajos de Peluquer\u00eda y Est\u00e9tica | Belladonna\" \/>\n<meta property=\"og:description\" content=\"Mira resultados reales de Belladonna: trabajos de peluquer\u00eda y est\u00e9tica en Dos Hermanas (Sevilla). Insp\u00edrate y pide tu cita.\" \/>\n<meta property=\"og:url\" content=\"https:\/\/belladonna.com.es\/en\/portfolio\/\" \/>\n<meta property=\"og:site_name\" content=\"belladonna.com.es\" \/>\n<meta property=\"article:modified_time\" content=\"2026-02-04T08:10:30+00:00\" \/>\n<meta property=\"og:image\" content=\"https:\/\/belladonna.com.es\/wp-content\/uploads\/2025\/05\/p16.jpg\" \/>\n<meta name=\"twitter:card\" content=\"summary_large_image\" \/>\n<meta name=\"twitter:label1\" content=\"Est. reading time\" \/>\n\t<meta name=\"twitter:data1\" content=\"5 minutes\" \/>\n<script type=\"application\/ld+json\" class=\"yoast-schema-graph\">{\"@context\":\"https:\/\/schema.org\",\"@graph\":[{\"@type\":\"WebPage\",\"@id\":\"https:\/\/belladonna.com.es\/portfolio\/\",\"url\":\"https:\/\/belladonna.com.es\/portfolio\/\",\"name\":\"Portfolio | Trabajos de Peluquer\u00eda y Est\u00e9tica | Belladonna\",\"isPartOf\":{\"@id\":\"https:\/\/belladonna.com.es\/#website\"},\"primaryImageOfPage\":{\"@id\":\"https:\/\/belladonna.com.es\/portfolio\/#primaryimage\"},\"image\":{\"@id\":\"https:\/\/belladonna.com.es\/portfolio\/#primaryimage\"},\"thumbnailUrl\":\"https:\/\/belladonna.com.es\/wp-content\/uploads\/2025\/05\/p16.jpg\",\"datePublished\":\"2025-05-13T08:15:25+00:00\",\"dateModified\":\"2026-02-04T08:10:30+00:00\",\"description\":\"Mira resultados reales de Belladonna: trabajos de peluquer\u00eda y est\u00e9tica en Dos Hermanas (Sevilla). Insp\u00edrate y pide tu cita.\",\"breadcrumb\":{\"@id\":\"https:\/\/belladonna.com.es\/portfolio\/#breadcrumb\"},\"inLanguage\":\"en-US\",\"potentialAction\":[{\"@type\":\"ReadAction\",\"target\":[\"https:\/\/belladonna.com.es\/portfolio\/\"]}]},{\"@type\":\"ImageObject\",\"inLanguage\":\"en-US\",\"@id\":\"https:\/\/belladonna.com.es\/portfolio\/#primaryimage\",\"url\":\"https:\/\/belladonna.com.es\/wp-content\/uploads\/2025\/05\/p16.jpg\",\"contentUrl\":\"https:\/\/belladonna.com.es\/wp-content\/uploads\/2025\/05\/p16.jpg\"},{\"@type\":\"BreadcrumbList\",\"@id\":\"https:\/\/belladonna.com.es\/portfolio\/#breadcrumb\",\"itemListElement\":[{\"@type\":\"ListItem\",\"position\":1,\"name\":\"Home\",\"item\":\"https:\/\/belladonna.com.es\/\"},{\"@type\":\"ListItem\",\"position\":2,\"name\":\"Im\u00e1genes\"}]},{\"@type\":\"WebSite\",\"@id\":\"https:\/\/belladonna.com.es\/#website\",\"url\":\"https:\/\/belladonna.com.es\/\",\"name\":\"belladonna.com.es\",\"description\":\"\",\"publisher\":{\"@id\":\"https:\/\/belladonna.com.es\/#organization\"},\"potentialAction\":[{\"@type\":\"SearchAction\",\"target\":{\"@type\":\"EntryPoint\",\"urlTemplate\":\"https:\/\/belladonna.com.es\/?s={search_term_string}\"},\"query-input\":{\"@type\":\"PropertyValueSpecification\",\"valueRequired\":true,\"valueName\":\"search_term_string\"}}],\"inLanguage\":\"en-US\"},{\"@type\":\"Organization\",\"@id\":\"https:\/\/belladonna.com.es\/#organization\",\"name\":\"belladonna.com.es\",\"url\":\"https:\/\/belladonna.com.es\/\",\"logo\":{\"@type\":\"ImageObject\",\"inLanguage\":\"en-US\",\"@id\":\"https:\/\/belladonna.com.es\/#\/schema\/logo\/image\/\",\"url\":\"https:\/\/belladonna.com.es\/wp-content\/uploads\/2025\/05\/zipwp-image-5012.jpg\",\"contentUrl\":\"https:\/\/belladonna.com.es\/wp-content\/uploads\/2025\/05\/zipwp-image-5012.jpg\",\"width\":200,\"height\":200,\"caption\":\"belladonna.com.es\"},\"image\":{\"@id\":\"https:\/\/belladonna.com.es\/#\/schema\/logo\/image\/\"}}]}<\/script>\n<!-- \/ Yoast SEO plugin. -->","yoast_head_json":{"title":"Portfolio | Trabajos de Peluquer\u00eda y Est\u00e9tica | Belladonna","description":"Mira resultados reales de Belladonna: trabajos de peluquer\u00eda y est\u00e9tica en Dos Hermanas (Sevilla). Insp\u00edrate y pide tu cita.","robots":{"index":"index","follow":"follow","max-snippet":"max-snippet:-1","max-image-preview":"max-image-preview:large","max-video-preview":"max-video-preview:-1"},"canonical":"https:\/\/belladonna.com.es\/en\/portfolio\/","og_locale":"en_US","og_type":"article","og_title":"Portfolio | Trabajos de Peluquer\u00eda y Est\u00e9tica | Belladonna","og_description":"Mira resultados reales de Belladonna: trabajos de peluquer\u00eda y est\u00e9tica en Dos Hermanas (Sevilla). Insp\u00edrate y pide tu cita.","og_url":"https:\/\/belladonna.com.es\/en\/portfolio\/","og_site_name":"belladonna.com.es","article_modified_time":"2026-02-04T08:10:30+00:00","og_image":[{"url":"https:\/\/belladonna.com.es\/wp-content\/uploads\/2025\/05\/p16.jpg","type":"","width":"","height":""}],"twitter_card":"summary_large_image","twitter_misc":{"Est. reading time":"5 minutes"},"schema":{"@context":"https:\/\/schema.org","@graph":[{"@type":"WebPage","@id":"https:\/\/belladonna.com.es\/portfolio\/","url":"https:\/\/belladonna.com.es\/portfolio\/","name":"Portfolio | Trabajos de Peluquer\u00eda y Est\u00e9tica | Belladonna","isPartOf":{"@id":"https:\/\/belladonna.com.es\/#website"},"primaryImageOfPage":{"@id":"https:\/\/belladonna.com.es\/portfolio\/#primaryimage"},"image":{"@id":"https:\/\/belladonna.com.es\/portfolio\/#primaryimage"},"thumbnailUrl":"https:\/\/belladonna.com.es\/wp-content\/uploads\/2025\/05\/p16.jpg","datePublished":"2025-05-13T08:15:25+00:00","dateModified":"2026-02-04T08:10:30+00:00","description":"Mira resultados reales de Belladonna: trabajos de peluquer\u00eda y est\u00e9tica en Dos Hermanas (Sevilla). Insp\u00edrate y pide tu cita.","breadcrumb":{"@id":"https:\/\/belladonna.com.es\/portfolio\/#breadcrumb"},"inLanguage":"en-US","potentialAction":[{"@type":"ReadAction","target":["https:\/\/belladonna.com.es\/portfolio\/"]}]},{"@type":"ImageObject","inLanguage":"en-US","@id":"https:\/\/belladonna.com.es\/portfolio\/#primaryimage","url":"https:\/\/belladonna.com.es\/wp-content\/uploads\/2025\/05\/p16.jpg","contentUrl":"https:\/\/belladonna.com.es\/wp-content\/uploads\/2025\/05\/p16.jpg"},{"@type":"BreadcrumbList","@id":"https:\/\/belladonna.com.es\/portfolio\/#breadcrumb","itemListElement":[{"@type":"ListItem","position":1,"name":"Home","item":"https:\/\/belladonna.com.es\/"},{"@type":"ListItem","position":2,"name":"Im\u00e1genes"}]},{"@type":"WebSite","@id":"https:\/\/belladonna.com.es\/#website","url":"https:\/\/belladonna.com.es\/","name":"belladonna.com.es","description":"","publisher":{"@id":"https:\/\/belladonna.com.es\/#organization"},"potentialAction":[{"@type":"SearchAction","target":{"@type":"EntryPoint","urlTemplate":"https:\/\/belladonna.com.es\/?s={search_term_string}"},"query-input":{"@type":"PropertyValueSpecification","valueRequired":true,"valueName":"search_term_string"}}],"inLanguage":"en-US"},{"@type":"Organization","@id":"https:\/\/belladonna.com.es\/#organization","name":"belladonna.com.es","url":"https:\/\/belladonna.com.es\/","logo":{"@type":"ImageObject","inLanguage":"en-US","@id":"https:\/\/belladonna.com.es\/#\/schema\/logo\/image\/","url":"https:\/\/belladonna.com.es\/wp-content\/uploads\/2025\/05\/zipwp-image-5012.jpg","contentUrl":"https:\/\/belladonna.com.es\/wp-content\/uploads\/2025\/05\/zipwp-image-5012.jpg","width":200,"height":200,"caption":"belladonna.com.es"},"image":{"@id":"https:\/\/belladonna.com.es\/#\/schema\/logo\/image\/"}}]}},"uagb_featured_image_src":{"full":false,"thumbnail":false,"medium":false,"medium_large":false,"large":false,"1536x1536":false,"2048x2048":false,"trp-custom-language-flag":false},"uagb_author_info":{"display_name":"9p6paymrwxqa","author_link":"https:\/\/belladonna.com.es\/en\/author\/9p6paymrwxqa\/"},"uagb_comment_info":0,"uagb_excerpt":null,"_links":{"self":[{"href":"https:\/\/belladonna.com.es\/en\/wp-json\/wp\/v2\/pages\/284","targetHints":{"allow":["GET"]}}],"collection":[{"href":"https:\/\/belladonna.com.es\/en\/wp-json\/wp\/v2\/pages"}],"about":[{"href":"https:\/\/belladonna.com.es\/en\/wp-json\/wp\/v2\/types\/page"}],"author":[{"embeddable":true,"href":"https:\/\/belladonna.com.es\/en\/wp-json\/wp\/v2\/users\/3"}],"replies":[{"embeddable":true,"href":"https:\/\/belladonna.com.es\/en\/wp-json\/wp\/v2\/comments?post=284"}],"version-history":[{"count":2,"href":"https:\/\/belladonna.com.es\/en\/wp-json\/wp\/v2\/pages\/284\/revisions"}],"predecessor-version":[{"id":614,"href":"https:\/\/belladonna.com.es\/en\/wp-json\/wp\/v2\/pages\/284\/revisions\/614"}],"wp:attachment":[{"href":"https:\/\/belladonna.com.es\/en\/wp-json\/wp\/v2\/media?parent=284"}],"curies":[{"name":"wp","href":"https:\/\/api.w.org\/{rel}","templated":true}]}}