{"id":635,"date":"2025-05-13T10:44:22","date_gmt":"2025-05-13T10:44:22","guid":{"rendered":"https:\/\/belladonna.com.es\/?page_id=635"},"modified":"2026-02-04T07:53:42","modified_gmt":"2026-02-04T07:53:42","slug":"aviso-legal","status":"publish","type":"page","link":"https:\/\/belladonna.com.es\/en\/aviso-legal\/","title":{"rendered":"Aviso Legal"},"content":{"rendered":"<p><strong>1. DATOS IDENTIFICATIVOS<\/strong><\/p>\n\n\n\n<p><strong><br><\/strong>Nombre de dominio: belladonna.com.es<\/p>\n\n\n\n<p>.Nombre comercial: Belladonna<\/p>\n\n\n\n<p>Denominaci\u00f3n social: ANA MAR\u00cdA GONZALEZ RIOS<\/p>\n\n\n\n<p>DNI\/CIF:\u00a052234597X<\/p>\n\n\n\n<p>Domicilio social: C\/ Albeniz, 29 C.P. 41701 Dos Hermanas (Sevilla)<\/p>\n\n\n\n<p>Tel\u00e9fono:\u00a0+34 662 04 75 52<\/p>\n\n\n\n<p>e-mail: anaglezrios@gmail.com<\/p>\n\n\n\n<p>&nbsp;Como consecuencia de la navegaci\u00f3n en la web y de la cumplimentaci\u00f3n de los formularios de la web, el usuario acepta que los datos personales por \u00e9l facilitados o que se faciliten en el futuro a trav\u00e9s de dicho servicio, sean objeto de tratamiento en ficheros de datos de car\u00e1cter personal del establecimiento, incluyendo la recopilaci\u00f3n de datos de acceso y la utilizaci\u00f3n de cookies y funciones proporcionadas por terceros.&nbsp;<strong>Finalidad del tratamiento, base legal y destinatarios de la informaci\u00f3n<\/strong>.<\/p>\n\n\n\n<p>Los datos se utilizan para:<br>\u2022 Permitir el funcionamiento de la web<br>\u2022 Registrar y atender las solicitudes realizadas por los usuarios a trav\u00e9s de los formularios de la web<br>\u2022 La prestaci\u00f3n y administraci\u00f3n de los servicios del negocio<br>\u2022 Elaborar anal\u00edticas web y estad\u00edsticas<br>\u2022 Incluir funciones proporcionadas por terceros (Google Maps, etc)<\/p>\n\n\n\n<p><strong>Navegaci\u00f3n en la web y acceso a \u00e1reas para usuarios registrados<\/strong><\/p>\n\n\n\n<p>\u2022 Finalidad: se tratan los datos necesarios para la provisi\u00f3n de los servicios en l\u00ednea, incluyendo el registro de direcciones IP, p\u00e1ginas visitadas y fecha de acceso, as\u00ed como informaci\u00f3n sobre el terminal del usuario. Los datos tambi\u00e9n se tratan para fines de seguridad y de mejora de la web.<br>\u2022 Legitimaci\u00f3n: el tratamiento de los datos es necesario para la provisi\u00f3n de los servicios en l\u00ednea; consentimiento, expresado a trav\u00e9s de la utilizaci\u00f3n de la web<br>\u2022 Destinatarios y transferencias: establecimiento, empresas de alojamiento web<\/p>\n\n\n\n<p><strong>Utilizaci\u00f3n de los formularios de la web<\/strong><\/p>\n\n\n\n<p>\u2022 Finalidad: atender las solicitudes realizadas a trav\u00e9s de los formularios web.<br>\u2022 Legitimaci\u00f3n: consentimiento expresado al utilizar y enviar el formulario.<br>\u2022 Destinatarios y transferencias: establecimiento y empresas involucradas en prestar los servicios solicitados<\/p>\n\n\n\n<p><strong>Prestaci\u00f3n de servicios<\/strong><\/p>\n\n\n\n<p>\u2022 Finalidad: prestar los servicios incluyendo gesti\u00f3n de pagos. Enviar informaci\u00f3n sobre los servicios del establecimiento por medios electr\u00f3nicos. Encuestas de calidad.<br>\u2022 Legitimaci\u00f3n: ejecuci\u00f3n del contrato o prestaci\u00f3n del servicio.<br>\u2022 Destinatarios y transferencias: establecimiento y empresas involucradas en prestar los servicios solicitados<\/p>\n\n\n\n<p><strong>Anal\u00edticas Web<\/strong><\/p>\n\n\n\n<p>\u2022 Finalidad: conocer la manera en que la web es buscada, accedida y utilizada por el p\u00fablico. Pueden implicar la recopilaci\u00f3n de datos de car\u00e1cter personal como por ejemplo la direcci\u00f3n IP, la localizaci\u00f3n de la conexi\u00f3n, la informaci\u00f3n sobre el software o hardware de navegaci\u00f3n, etc.<br>\u2022 Legitimaci\u00f3n: consentimiento, expresado a trav\u00e9s de la utilizaci\u00f3n de la web<br>\u2022 Destinatarios y transferencias: establecimiento<\/p>\n\n\n\n<p><strong>Funciones proporcionadas terceros<\/strong><\/p>\n\n\n\n<p>\u2022 Finalidad: incorporar funciones proporcionados por terceros, como mapas, anal\u00edticas, botones sociales, widget de chat Zendesk, etc<br>\u2022 Legitimaci\u00f3n: consentimiento, expresado a trav\u00e9s de la utilizaci\u00f3n de la web<br>\u2022 Destinatarios y transferencias: Las funciones de terceros establecen una conexi\u00f3n directa entre el navegador del usuario y los dominios de Internet de los terceros, permitiendo la descarga y ejecuci\u00f3n de la funci\u00f3n, inclusive desde p\u00e1ginas fuera del Espacio Econ\u00f3mico Europeo.<\/p>\n\n\n\n<p>Esta web integra funciones de Google Inc, como Google Analytics y Google Maps. Al utilizar esta web el usuario autoriza el tratamiento de sus datos por Google conforme lo establecido en su pol\u00edtica de privacidad: https:\/\/policies.google.com\/privacy<\/p>\n\n\n\n<p><strong>Veracidad de los datos<\/strong><\/p>\n\n\n\n<p>El usuario debe rellenar los formularios con datos verdaderos, exactos, completos y actuales. El usuario no introducir\u00e1 datos correspondientes a otra persona; se presumir\u00e1 que los datos han sido facilitados por el titular de los mismos. El usuario ser\u00e1 el \u00fanico responsable de cualquier da\u00f1o o perjuicio, directo o indirecto que pudiera ocasionar a cualquier persona a causa de la cumplimentaci\u00f3n del formulario con datos relativos a otra persona.<\/p>\n\n\n\n<p><strong>Derechos de acceso, rectificaci\u00f3n, supresi\u00f3n, oposici\u00f3n y otros<\/strong><\/p>\n\n\n\n<p>El titular de los datos tiene en todo momento el derecho de acceder, rectificar, y suprimir los datos que lo conciernen, as\u00ed como oponerse al tratamiento de sus datos, en los t\u00e9rminos recogidos en la legislaci\u00f3n de protecci\u00f3n de datos. Tambi\u00e9n tiene derecho a solicitar: la portabilidad de sus datos, la revocaci\u00f3n del consentimiento prestado en su caso y la limitaci\u00f3n del tratamiento.<br>El titular de los datos puede ejercer estos derechos mediante escrito dirigido por correo postal al establecimiento.<br>El solicitante debe incluir esta comunicaci\u00f3n solicitud firmada indicando la actuaci\u00f3n que se solicita y fotocopia del DNI o pasaporte.<br>El titular de los datos tambi\u00e9n puede oponerse a la recepci\u00f3n de e-mails comerciales, para ello bastar\u00e1 que lo solicite mediante un correo electr\u00f3nico remitido desde la direcci\u00f3n que desea dar de baja y dirigido al establecimiento.<br>El titular de los datos, si considera que el tratamiento de sus datos infringe la legislaci\u00f3n de protecci\u00f3n de datos, puede realizar una queja ante las autoridades de control de protecci\u00f3n de datos.<\/p>\n\n\n\n<p><strong>Menores de edad<\/strong><\/p>\n\n\n\n<p>Se proh\u00edbe la utilizaci\u00f3n de los servicios web a personas menores de 18 a\u00f1os.<\/p>\n\n\n\n<p><strong>Seguridad de los datos<\/strong><\/p>\n\n\n\n<p>Esta web tiene una de las tecnolog\u00edas m\u00e1s seguras en cuanto a la protecci\u00f3n de datos de su tarjeta de cr\u00e9dito se refiere. Asimismo, cumple todas las normas internacionales que legislan la materia. Todos los apartados donde solicitamos informaci\u00f3n sensible utilizan el protocolo de comunicaci\u00f3n SSL. Esto quiere decir que la informaci\u00f3n que viaja a trav\u00e9s de Internet desde su ordenador hasta nuestro servidor lo hace codificada, haci\u00e9ndolos indescifrables a cualquier persona ajena. Esta tecnolog\u00eda asegura y garantiza, que sus datos no podr\u00e1n ser interceptados, manipulados o suplantados, de ninguna manera. De esta forma el pago a trav\u00e9s de Internet es hoy en d\u00eda tan seguro como la compra directa.<\/p>\n\n\n\n<p><strong>\u00bfQu\u00e9 significa SSL?<\/strong><\/p>\n\n\n\n<p>El SSL (Secure Socket Layer) es una tecnolog\u00eda est\u00e1ndar de seguridad en Internet. Aplica un sistema de encriptaci\u00f3n (codificaci\u00f3n) que proporciona la m\u00e1xima confidencialidad de los datos que nos transmiten. As\u00ed se impide la entrada il\u00edcita o intercepci\u00f3n en un sistema mientras los datos circulan por Internet. Para mayor seguridad, estos datos se almacenan en un servidor seguro protegido por un \u201cfirewall\u201d en continua vigilancia.<\/p>","protected":false},"excerpt":{"rendered":"<p>1. DATOS IDENTIFICATIVOS Nombre de dominio: belladonna.com.es .Nombre comercial: Belladonna Denominaci\u00f3n social: ANA MAR\u00cdA GONZALEZ RIOS DNI\/CIF:\u00a052234597X Domicilio social: C\/ [&hellip;]<\/p>","protected":false},"author":3,"featured_media":0,"parent":0,"menu_order":0,"comment_status":"closed","ping_status":"closed","template":"","meta":{"_uag_custom_page_level_css":"","site-sidebar-layout":"default","site-content-layout":"","ast-site-content-layout":"","site-content-style":"default","site-sidebar-style":"default","ast-global-header-display":"","ast-banner-title-visibility":"","ast-main-header-display":"","ast-hfb-above-header-display":"","ast-hfb-below-header-display":"","ast-hfb-mobile-header-display":"","site-post-title":"","ast-breadcrumbs-content":"","ast-featured-img":"","footer-sml-layout":"","ast-disable-related-posts":"","theme-transparent-header-meta":"","adv-header-id-meta":"","stick-header-meta":"","header-above-stick-meta":"","header-main-stick-meta":"","header-below-stick-meta":"","astra-migrate-meta-layouts":"default","ast-page-background-enabled":"default","ast-page-background-meta":{"desktop":{"background-color":"var(--ast-global-color-4)","background-image":"","background-repeat":"repeat","background-position":"center center","background-size":"auto","background-attachment":"scroll","background-type":"","background-media":"","overlay-type":"","overlay-color":"","overlay-opacity":"","overlay-gradient":""},"tablet":{"background-color":"","background-image":"","background-repeat":"repeat","background-position":"center center","background-size":"auto","background-attachment":"scroll","background-type":"","background-media":"","overlay-type":"","overlay-color":"","overlay-opacity":"","overlay-gradient":""},"mobile":{"background-color":"","background-image":"","background-repeat":"repeat","background-position":"center center","background-size":"auto","background-attachment":"scroll","background-type":"","background-media":"","overlay-type":"","overlay-color":"","overlay-opacity":"","overlay-gradient":""}},"ast-content-background-meta":{"desktop":{"background-color":"var(--ast-global-color-5)","background-image":"","background-repeat":"repeat","background-position":"center center","background-size":"auto","background-attachment":"scroll","background-type":"","background-media":"","overlay-type":"","overlay-color":"","overlay-opacity":"","overlay-gradient":""},"tablet":{"background-color":"var(--ast-global-color-5)","background-image":"","background-repeat":"repeat","background-position":"center center","background-size":"auto","background-attachment":"scroll","background-type":"","background-media":"","overlay-type":"","overlay-color":"","overlay-opacity":"","overlay-gradient":""},"mobile":{"background-color":"var(--ast-global-color-5)","background-image":"","background-repeat":"repeat","background-position":"center center","background-size":"auto","background-attachment":"scroll","background-type":"","background-media":"","overlay-type":"","overlay-color":"","overlay-opacity":"","overlay-gradient":""}},"footnotes":""},"class_list":["post-635","page","type-page","status-publish","hentry"],"yoast_head":"<!-- This site is optimized with the Yoast SEO plugin v25.1 - https:\/\/yoast.com\/wordpress\/plugins\/seo\/ -->\n<title>Aviso Legal - belladonna.com.es<\/title>\n<meta name=\"robots\" content=\"noindex, nofollow\" \/>\n<meta property=\"og:locale\" content=\"en_US\" \/>\n<meta property=\"og:type\" content=\"article\" \/>\n<meta property=\"og:title\" content=\"Aviso Legal - belladonna.com.es\" \/>\n<meta property=\"og:description\" content=\"1. DATOS IDENTIFICATIVOS Nombre de dominio: belladonna.com.es .Nombre comercial: Belladonna Denominaci\u00f3n social: ANA MAR\u00cdA GONZALEZ RIOS DNI\/CIF:\u00a052234597X Domicilio social: C\/ [&hellip;]\" \/>\n<meta property=\"og:url\" content=\"https:\/\/belladonna.com.es\/en\/aviso-legal\/\" \/>\n<meta property=\"og:site_name\" content=\"belladonna.com.es\" \/>\n<meta property=\"article:modified_time\" content=\"2026-02-04T07:53:42+00:00\" \/>\n<meta name=\"twitter:card\" content=\"summary_large_image\" \/>\n<meta name=\"twitter:label1\" content=\"Est. reading time\" \/>\n\t<meta name=\"twitter:data1\" content=\"5 minutes\" \/>\n<script type=\"application\/ld+json\" class=\"yoast-schema-graph\">{\"@context\":\"https:\/\/schema.org\",\"@graph\":[{\"@type\":\"WebPage\",\"@id\":\"https:\/\/belladonna.com.es\/aviso-legal\/\",\"url\":\"https:\/\/belladonna.com.es\/aviso-legal\/\",\"name\":\"Aviso Legal - belladonna.com.es\",\"isPartOf\":{\"@id\":\"https:\/\/belladonna.com.es\/#website\"},\"datePublished\":\"2025-05-13T10:44:22+00:00\",\"dateModified\":\"2026-02-04T07:53:42+00:00\",\"breadcrumb\":{\"@id\":\"https:\/\/belladonna.com.es\/aviso-legal\/#breadcrumb\"},\"inLanguage\":\"en-US\",\"potentialAction\":[{\"@type\":\"ReadAction\",\"target\":[\"https:\/\/belladonna.com.es\/aviso-legal\/\"]}]},{\"@type\":\"BreadcrumbList\",\"@id\":\"https:\/\/belladonna.com.es\/aviso-legal\/#breadcrumb\",\"itemListElement\":[{\"@type\":\"ListItem\",\"position\":1,\"name\":\"Home\",\"item\":\"https:\/\/belladonna.com.es\/\"},{\"@type\":\"ListItem\",\"position\":2,\"name\":\"Aviso Legal\"}]},{\"@type\":\"WebSite\",\"@id\":\"https:\/\/belladonna.com.es\/#website\",\"url\":\"https:\/\/belladonna.com.es\/\",\"name\":\"belladonna.com.es\",\"description\":\"\",\"publisher\":{\"@id\":\"https:\/\/belladonna.com.es\/#organization\"},\"potentialAction\":[{\"@type\":\"SearchAction\",\"target\":{\"@type\":\"EntryPoint\",\"urlTemplate\":\"https:\/\/belladonna.com.es\/?s={search_term_string}\"},\"query-input\":{\"@type\":\"PropertyValueSpecification\",\"valueRequired\":true,\"valueName\":\"search_term_string\"}}],\"inLanguage\":\"en-US\"},{\"@type\":\"Organization\",\"@id\":\"https:\/\/belladonna.com.es\/#organization\",\"name\":\"belladonna.com.es\",\"url\":\"https:\/\/belladonna.com.es\/\",\"logo\":{\"@type\":\"ImageObject\",\"inLanguage\":\"en-US\",\"@id\":\"https:\/\/belladonna.com.es\/#\/schema\/logo\/image\/\",\"url\":\"https:\/\/belladonna.com.es\/wp-content\/uploads\/2025\/05\/zipwp-image-5012.jpg\",\"contentUrl\":\"https:\/\/belladonna.com.es\/wp-content\/uploads\/2025\/05\/zipwp-image-5012.jpg\",\"width\":200,\"height\":200,\"caption\":\"belladonna.com.es\"},\"image\":{\"@id\":\"https:\/\/belladonna.com.es\/#\/schema\/logo\/image\/\"}}]}<\/script>\n<!-- \/ Yoast SEO plugin. -->","yoast_head_json":{"title":"Aviso Legal - belladonna.com.es","robots":{"index":"noindex","follow":"nofollow"},"og_locale":"en_US","og_type":"article","og_title":"Aviso Legal - belladonna.com.es","og_description":"1. DATOS IDENTIFICATIVOS Nombre de dominio: belladonna.com.es .Nombre comercial: Belladonna Denominaci\u00f3n social: ANA MAR\u00cdA GONZALEZ RIOS DNI\/CIF:\u00a052234597X Domicilio social: C\/ [&hellip;]","og_url":"https:\/\/belladonna.com.es\/en\/aviso-legal\/","og_site_name":"belladonna.com.es","article_modified_time":"2026-02-04T07:53:42+00:00","twitter_card":"summary_large_image","twitter_misc":{"Est. reading time":"5 minutes"},"schema":{"@context":"https:\/\/schema.org","@graph":[{"@type":"WebPage","@id":"https:\/\/belladonna.com.es\/aviso-legal\/","url":"https:\/\/belladonna.com.es\/aviso-legal\/","name":"Aviso Legal - belladonna.com.es","isPartOf":{"@id":"https:\/\/belladonna.com.es\/#website"},"datePublished":"2025-05-13T10:44:22+00:00","dateModified":"2026-02-04T07:53:42+00:00","breadcrumb":{"@id":"https:\/\/belladonna.com.es\/aviso-legal\/#breadcrumb"},"inLanguage":"en-US","potentialAction":[{"@type":"ReadAction","target":["https:\/\/belladonna.com.es\/aviso-legal\/"]}]},{"@type":"BreadcrumbList","@id":"https:\/\/belladonna.com.es\/aviso-legal\/#breadcrumb","itemListElement":[{"@type":"ListItem","position":1,"name":"Home","item":"https:\/\/belladonna.com.es\/"},{"@type":"ListItem","position":2,"name":"Aviso Legal"}]},{"@type":"WebSite","@id":"https:\/\/belladonna.com.es\/#website","url":"https:\/\/belladonna.com.es\/","name":"belladonna.com.es","description":"","publisher":{"@id":"https:\/\/belladonna.com.es\/#organization"},"potentialAction":[{"@type":"SearchAction","target":{"@type":"EntryPoint","urlTemplate":"https:\/\/belladonna.com.es\/?s={search_term_string}"},"query-input":{"@type":"PropertyValueSpecification","valueRequired":true,"valueName":"search_term_string"}}],"inLanguage":"en-US"},{"@type":"Organization","@id":"https:\/\/belladonna.com.es\/#organization","name":"belladonna.com.es","url":"https:\/\/belladonna.com.es\/","logo":{"@type":"ImageObject","inLanguage":"en-US","@id":"https:\/\/belladonna.com.es\/#\/schema\/logo\/image\/","url":"https:\/\/belladonna.com.es\/wp-content\/uploads\/2025\/05\/zipwp-image-5012.jpg","contentUrl":"https:\/\/belladonna.com.es\/wp-content\/uploads\/2025\/05\/zipwp-image-5012.jpg","width":200,"height":200,"caption":"belladonna.com.es"},"image":{"@id":"https:\/\/belladonna.com.es\/#\/schema\/logo\/image\/"}}]}},"uagb_featured_image_src":{"full":false,"thumbnail":false,"medium":false,"medium_large":false,"large":false,"1536x1536":false,"2048x2048":false,"trp-custom-language-flag":false},"uagb_author_info":{"display_name":"9p6paymrwxqa","author_link":"https:\/\/belladonna.com.es\/en\/author\/9p6paymrwxqa\/"},"uagb_comment_info":0,"uagb_excerpt":"1. DATOS IDENTIFICATIVOS Nombre de dominio: belladonna.com.es .Nombre comercial: Belladonna Denominaci\u00f3n social: ANA MAR\u00cdA GONZALEZ RIOS DNI\/CIF:\u00a052234597X Domicilio social: C\/ [&hellip;]","_links":{"self":[{"href":"https:\/\/belladonna.com.es\/en\/wp-json\/wp\/v2\/pages\/635","targetHints":{"allow":["GET"]}}],"collection":[{"href":"https:\/\/belladonna.com.es\/en\/wp-json\/wp\/v2\/pages"}],"about":[{"href":"https:\/\/belladonna.com.es\/en\/wp-json\/wp\/v2\/types\/page"}],"author":[{"embeddable":true,"href":"https:\/\/belladonna.com.es\/en\/wp-json\/wp\/v2\/users\/3"}],"replies":[{"embeddable":true,"href":"https:\/\/belladonna.com.es\/en\/wp-json\/wp\/v2\/comments?post=635"}],"version-history":[{"count":1,"href":"https:\/\/belladonna.com.es\/en\/wp-json\/wp\/v2\/pages\/635\/revisions"}],"predecessor-version":[{"id":636,"href":"https:\/\/belladonna.com.es\/en\/wp-json\/wp\/v2\/pages\/635\/revisions\/636"}],"wp:attachment":[{"href":"https:\/\/belladonna.com.es\/en\/wp-json\/wp\/v2\/media?parent=635"}],"curies":[{"name":"wp","href":"https:\/\/api.w.org\/{rel}","templated":true}]}}