{"id":637,"date":"2025-05-13T10:50:23","date_gmt":"2025-05-13T10:50:23","guid":{"rendered":"https:\/\/belladonna.com.es\/?page_id=637"},"modified":"2026-02-04T08:03:24","modified_gmt":"2026-02-04T08:03:24","slug":"politica-de-privacidad","status":"publish","type":"page","link":"https:\/\/belladonna.com.es\/en\/politica-de-privacidad\/","title":{"rendered":"Pol\u00edtica de Privacidad"},"content":{"rendered":"<h2 class=\"wp-block-heading\">Pol\u00edtica de protecci\u00f3n de datos<\/h2>\n\n\n\n<p>De conformidad con el Reglamento (UE) 2016\/679 del Parlamento y del Consejo de 27 de abril de 2016 relativo a la protecci\u00f3n de las personas f\u00edsicas en lo que respecta al tratamiento de sus datos personales y la libre circulaci\u00f3n de \u00e9stos, y con la Ley Org\u00e1nica 3\/2018, de 5 de diciembre, de protecci\u00f3n de datos personales y garant\u00eda de los derechos digitales, la Direcci\u00f3n de ANA MAR\u00cdA GONZALEZ RIOS informa a los clientes, usuarios y p\u00fablico en general, de los siguientes aspectos:<\/p>\n\n\n\n<h2 class=\"wp-block-heading\">Introducci\u00f3n<\/h2>\n\n\n\n<p>El presente documento constituye la pol\u00edtica de privacidad de ANA MAR\u00cdA GONZALEZ RIOS con respecto al tratamiento de datos personales de sus clientes.<\/p>\n\n\n\n<p>Para cualquier cuesti\u00f3n en esta materia, el cliente puede ponerse en contacto con el Responsable de Protecci\u00f3n de datos con direcci\u00f3n postal en C\/ Albeniz, 29, C.P. 41701, Dos Hermanas (Sevilla)<\/p>\n\n\n\n<p>Asimismo, puede contactar con el Responsable de Protecci\u00f3n de Datos mediante correo electr\u00f3nico remitido a la siguiente direcci\u00f3n: anaglezrios@gmail.com<\/p>\n\n\n\n<h2 class=\"wp-block-heading\">\u00bfQui\u00e9n es el responsable del tratamiento de sus datos?<\/h2>\n\n\n\n<p>A) En caso de ser usuario de ROBERTO CARLOS JURADO GONZ\u00c1LEZ, el responsable del tratamiento de sus datos es:<\/p>\n\n\n\n<figure class=\"wp-block-table\"><table class=\"has-fixed-layout\"><tbody><tr><td><strong>Responsable del Tratamiento<\/strong><\/td><td><strong>SEDE<\/strong><\/td><\/tr><tr><td>ANA MAR\u00cdA GONZALEZ RIOS<br>52234597X<\/td><td>C\/ Albeniz, 29, C.P. 41701, Dos Hermanas (Sevilla)<\/td><\/tr><\/tbody><\/table><\/figure>\n\n\n\n<p>B) En caso de que dispongamos de sus datos por haber solicitado informaci\u00f3n sobre alguno de los servicios y\/o productos ofertados a trav\u00e9s de las p\u00e1ginas web de ANA MAR\u00cdA GONZALEZ RIOS, el responsable del tratamiento de sus datos es ANA MAR\u00cdA GONZALEZ RIOS, con domicilio en la C\/ Albeniz, 29, C.P. 41701, Dos Hermanas (Sevilla)<\/p>\n\n\n\n<h2 class=\"wp-block-heading\">\u00bfQu\u00e9 datos personales tratamos y de d\u00f3nde proceden?<\/h2>\n\n\n\n<p>Con ocasi\u00f3n de su relaci\u00f3n con nosotros se pueden tratar las siguientes categor\u00edas de datos personales:<\/p>\n\n\n\n<ul class=\"wp-block-list\">\n<li>Datos identificativos, de contacto de clientes (incluida firma, imagen,);<\/li>\n\n\n\n<li>Caracter\u00edsticas personales, circunstancias sociales;<\/li>\n\n\n\n<li>Datos transaccionales (pagos, ingresos, transferencias, adeudos)<\/li>\n<\/ul>\n\n\n\n<p>Los datos provienen del propio interesado.<\/p>\n\n\n\n<h2 class=\"wp-block-heading\">\u00bfCon qu\u00e9 finalidad tratamos sus datos personales?<\/h2>\n\n\n\n<p>Los datos personales pueden ser tratados por los responsables del tratamiento con las siguientes finalidades:<\/p>\n\n\n\n<p><strong>1.- Prestaci\u00f3n del servicio:<\/strong>&nbsp;sus datos personales son tratados con el objeto de prestarle el servicio requerido, por ejemplo:<\/p>\n\n\n\n<ul class=\"wp-block-list\">\n<li>Atender cualquier comunicaci\u00f3n con ANA MAR\u00cdA GONZALEZ RIOS;<\/li>\n\n\n\n<li>Gestionar cualquier incidencia o reclamaci\u00f3n interpuesta por el cliente;<\/li>\n\n\n\n<li>Realizar encuestas con el objetivo de conocer su opini\u00f3n sobre la atenci\u00f3n recibida y que ser\u00e1n utilizadas \u00fanicamente para mejorar y desarrollar nuestros servicios;<\/li>\n<\/ul>\n\n\n\n<p><strong>2.- Atenci\u00f3n de solicitudes de informaci\u00f3n, queja, sugerencia, reclamaci\u00f3n, ejercicio de derechos de protecci\u00f3n de datos, etc.:<\/strong>&nbsp;en estos casos se tratar\u00e1n sus datos con la finalidad de gestionar y tramitar la solicitud, por cualquier medio, incluidas las comunicaciones telef\u00f3nicas y\/o electr\u00f3nicas.<\/p>\n\n\n\n<p><strong>3.- Cumplimiento de obligaciones legales:<\/strong>&nbsp;puede resultar necesario tratar los datos personales con la finalidad de cumplir con los requerimientos legales que correspondan. En concreto, para cumplir con la legislaci\u00f3n en materia de protecci\u00f3n de datos, tributaria, laboral, etc.<\/p>\n\n\n\n<p><strong>4.- Formalizaci\u00f3n y ejecuci\u00f3n del contrato:<\/strong>&nbsp;los datos personales del paciente son tratados con la finalidad de gestionar la relaci\u00f3n contractual con el cliente.<\/p>\n\n\n\n<p><strong>5.- Env\u00edo de comunicaciones comerciales por cualquier v\u00eda en caso de consentimiento adicional:<\/strong>\u00a0si consiente expl\u00edcitamente, sus datos podr\u00e1n ser cedidos con la finalidad de informarle por cualquier medio con fines promocionales y publicitarios sobre los restaurantes, servicios, productos o eventos relacionados con ANA MAR\u00cdA GONZALEZ RIOS (en ning\u00fan caso se utilizar\u00e1n sus datos para enviarle contenido publicitario ajeno a ANA MAR\u00cdA GONZALEZ RIOS).<\/p>\n\n\n\n<p>Los datos recogidos ser\u00e1n tratados para las finalidades especificadas y en ning\u00fan caso de manera incompatible con dichos fines.<\/p>\n\n\n\n<p>En todo caso, tratamos sus datos para atenderle siempre con el mismo nivel de calidad, con independencia del canal que utilice para comunicarse con nosotros (p\u00e1gina web, aplicaciones m\u00f3viles ya sea de forma presencial, telef\u00f3nica o telem\u00e1tica).<\/p>\n\n\n\n<h2 class=\"wp-block-heading\">\u00bfCu\u00e1l es la legitimaci\u00f3n para el tratamiento de sus datos?<\/h2>\n\n\n\n<figure class=\"wp-block-table\"><table class=\"has-fixed-layout\"><tbody><tr><td><strong>Finalidad<\/strong><\/td><td><strong>Base para el Tratamiento<\/strong><\/td><\/tr><tr><td>Prestaci\u00f3n del servicio<\/td><td>Tratamiento necesario para la ejecuci\u00f3n de un servicio en el que el interesado es parte; tratamiento basado en el consentimiento del interesado.<\/td><\/tr><tr><td>Atenci\u00f3n de solicitudes<\/td><td>Tratamiento basado en el consentimiento del interesado y\/o inter\u00e9s leg\u00edtimo del responsable del tratamiento<\/td><\/tr><tr><td>Cumplimiento de obligaciones legales<\/td><td>Tratamiento necesario para el cumplimiento de una obligaci\u00f3n legal aplicable al responsable del tratamiento<\/td><\/tr><tr><td>Formalizaci\u00f3n y ejecuci\u00f3n del contrato<\/td><td>Tratamiento necesario para la ejecuci\u00f3n de un contrato en el que el interesado es parte<\/td><\/tr><tr><td>Env\u00edo de comunicaciones comerciales<\/td><td>Tratamiento basado en el consentimiento del interesado<\/td><\/tr><\/tbody><\/table><\/figure>\n\n\n\n<h2 class=\"wp-block-heading\">\u00bfPor cu\u00e1nto tiempo conservaremos sus datos?<\/h2>\n\n\n\n<p>Con car\u00e1cter general s\u00f3lo se conservar\u00e1n sus datos durante el tiempo estrictamente necesario para la finalidad para la que fueron recabados.<\/p>\n\n\n\n<p>Los datos personales proporcionados, as\u00ed como aquellos derivados de la relaci\u00f3n comercial se conservar\u00e1n durante el tiempo adecuado a cada caso, y como m\u00ednimo, cinco a\u00f1os contados desde la fecha de prestaci\u00f3n del servicio, salvo que la normativa auton\u00f3mica y\/o especifica establezca un plazo m\u00ednimo de conservaci\u00f3n superior al indicado, en cuyo caso se atender\u00e1 a lo dispuesto por la normativa aplicable.<\/p>\n\n\n\n<p>Superado el mencionado periodo m\u00ednimo, y habiendo finalizado la relaci\u00f3n comercial y contractual, el responsable mantendr\u00e1 sus datos debidamente bloqueados y pseudoanonimizados, durante el t\u00e9rmino de los plazos correspondientes a la prescripci\u00f3n legal.<\/p>\n\n\n\n<p>Los datos personales proporcionados con la finalidad de gestionar cualquier&nbsp;<strong>solicitud<\/strong>&nbsp;de informaci\u00f3n, queja, sugerencia, reclamaci\u00f3n, ejercicio de derechos de protecci\u00f3n de datos, etc., se conservar\u00e1n durante el tiempo necesario para tramitar la solicitud, y en todo caso durante el tiempo establecido legalmente, as\u00ed como durante el periodo necesario para la formulaci\u00f3n, ejercicio o defensa de reclamaciones.<\/p>\n\n\n\n<p>Los datos tratados para el cumplimiento de obligaciones&nbsp;<strong>legales<\/strong>&nbsp;se conservar\u00e1n durante el tiempo establecido en la legislaci\u00f3n aplicable.<\/p>\n\n\n\n<p>Los datos recabados para la&nbsp;<strong>formalizaci\u00f3n y ejecuci\u00f3n del contrato<\/strong>&nbsp;ser\u00e1n conservados durante el plazo en el que dure la relaci\u00f3n contractual, as\u00ed como durante el periodo necesario para la formulaci\u00f3n, ejercicio o defensa de reclamaciones, como m\u00ednimo cinco a\u00f1os.<\/p>\n\n\n\n<p>Los datos tratados para el env\u00edo de&nbsp;<strong>comunicaciones comerciales<\/strong>&nbsp;ser\u00e1n conservados hasta que el interesado no revoque el consentimiento y\/o ejercite sus derechos de oposici\u00f3n y\/o supresi\u00f3n.<\/p>\n\n\n\n<h2 class=\"wp-block-heading\">\u00bfA qu\u00e9 destinatarios se comunicar\u00e1n sus datos?<\/h2>\n\n\n\n<p>Para garantizar una adecuada prestaci\u00f3n del servicio, resulta necesario que determinados proveedores de servicios y\/o entidades del grupo que traten datos por cuenta del responsable y como encargados del tratamiento sus datos personales. Estas entidades pueden ser, por ejemplo, de auditor\u00eda, de seguridad f\u00edsica, de archivo, almacenamiento o digitalizaci\u00f3n de informaci\u00f3n, de destrucci\u00f3n de documentaci\u00f3n, servicios de asesor\u00eda jur\u00eddica, servicios inform\u00e1ticos, etc.<\/p>\n\n\n\n<p>Sus datos personales no ser\u00e1n comunicados a terceros salvo obligaci\u00f3n legal, inter\u00e9s vital o previo consentimiento del interesado.<\/p>\n\n\n\n<p>Toda la informaci\u00f3n que nos sea facilitada ser\u00e1 tratada de forma confidencial y dando estricto cumplimiento a las obligaciones de seguridad necesarias para impedir el acceso por terceros no autorizados.<\/p>\n\n\n\n<h2 class=\"wp-block-heading\">\u00bfCu\u00e1les son sus derechos cu\u00e1ndo nos facilita sus datos?<\/h2>\n\n\n\n<p>Podr\u00e1 ejercitar sus derechos de acceso; rectificaci\u00f3n de los datos inexactos; solicitar la supresi\u00f3n, cuando, entre otros motivos los datos ya no sean necesarios para los fines que fueron recogidos; en determinadas circunstancias tambi\u00e9n podr\u00e1 solicitar la limitaci\u00f3n del tratamiento de sus datos, en cuyo caso \u00fanicamente los conservaremos para el ejercicio o defensa de reclamaciones; finalmente, y por motivos relacionados con su situaci\u00f3n particular, tambi\u00e9n podr\u00e1 ejercitar el derecho de oposici\u00f3n y la portabilidad. Asimismo, podr\u00e1 revocar, en cualquier momento, el consentimiento prestado para el tratamiento de sus datos.<\/p>\n\n\n\n<p>El ejercicio de los derechos as\u00ed como la revocaci\u00f3n del consentimiento para el tratamiento de sus datos son gratuitos, salvo en los supuestos del art. 12.5 del Reglamento (UE) 679\/2016.<\/p>\n\n\n\n<p>En el caso de ser cliente de ANA MAR\u00cdA GONZALEZ RIOS, puede ejercitar sus derechos de forma presencial ante el servicio de atenci\u00f3n al cliente, mediante correo postal dirigido a \u00abServicio de Atenci\u00f3n al cliente\u00bb de ANA MAR\u00cdA GONZALEZ RIOS, con la referencia \u00abderechos de protecci\u00f3n de datos\u00bb, aportando fotocopia de su DNI o documento equivalente e indicando el derecho que desea ejercitar.<\/p>\n\n\n\n<p>Adem\u00e1s, le informamos de la posibilidad de presentar una reclamaci\u00f3n ante la autoridad de control competente, de acuerdo con el procedimiento que corresponda seg\u00fan el caso concreto.<\/p>","protected":false},"excerpt":{"rendered":"<p>Pol\u00edtica de protecci\u00f3n de datos De conformidad con el Reglamento (UE) 2016\/679 del Parlamento y del Consejo de 27 de [&hellip;]<\/p>","protected":false},"author":3,"featured_media":0,"parent":0,"menu_order":0,"comment_status":"closed","ping_status":"closed","template":"","meta":{"_uag_custom_page_level_css":"","site-sidebar-layout":"default","site-content-layout":"","ast-site-content-layout":"","site-content-style":"default","site-sidebar-style":"default","ast-global-header-display":"","ast-banner-title-visibility":"","ast-main-header-display":"","ast-hfb-above-header-display":"","ast-hfb-below-header-display":"","ast-hfb-mobile-header-display":"","site-post-title":"","ast-breadcrumbs-content":"","ast-featured-img":"","footer-sml-layout":"","ast-disable-related-posts":"","theme-transparent-header-meta":"","adv-header-id-meta":"","stick-header-meta":"","header-above-stick-meta":"","header-main-stick-meta":"","header-below-stick-meta":"","astra-migrate-meta-layouts":"default","ast-page-background-enabled":"default","ast-page-background-meta":{"desktop":{"background-color":"var(--ast-global-color-4)","background-image":"","background-repeat":"repeat","background-position":"center center","background-size":"auto","background-attachment":"scroll","background-type":"","background-media":"","overlay-type":"","overlay-color":"","overlay-opacity":"","overlay-gradient":""},"tablet":{"background-color":"","background-image":"","background-repeat":"repeat","background-position":"center center","background-size":"auto","background-attachment":"scroll","background-type":"","background-media":"","overlay-type":"","overlay-color":"","overlay-opacity":"","overlay-gradient":""},"mobile":{"background-color":"","background-image":"","background-repeat":"repeat","background-position":"center center","background-size":"auto","background-attachment":"scroll","background-type":"","background-media":"","overlay-type":"","overlay-color":"","overlay-opacity":"","overlay-gradient":""}},"ast-content-background-meta":{"desktop":{"background-color":"var(--ast-global-color-5)","background-image":"","background-repeat":"repeat","background-position":"center center","background-size":"auto","background-attachment":"scroll","background-type":"","background-media":"","overlay-type":"","overlay-color":"","overlay-opacity":"","overlay-gradient":""},"tablet":{"background-color":"var(--ast-global-color-5)","background-image":"","background-repeat":"repeat","background-position":"center center","background-size":"auto","background-attachment":"scroll","background-type":"","background-media":"","overlay-type":"","overlay-color":"","overlay-opacity":"","overlay-gradient":""},"mobile":{"background-color":"var(--ast-global-color-5)","background-image":"","background-repeat":"repeat","background-position":"center center","background-size":"auto","background-attachment":"scroll","background-type":"","background-media":"","overlay-type":"","overlay-color":"","overlay-opacity":"","overlay-gradient":""}},"footnotes":""},"class_list":["post-637","page","type-page","status-publish","hentry"],"yoast_head":"<!-- This site is optimized with the Yoast SEO plugin v25.1 - https:\/\/yoast.com\/wordpress\/plugins\/seo\/ -->\n<title>Pol\u00edtica de Privacidad - belladonna.com.es<\/title>\n<meta name=\"robots\" content=\"noindex, nofollow\" \/>\n<meta property=\"og:locale\" content=\"en_US\" \/>\n<meta property=\"og:type\" content=\"article\" \/>\n<meta property=\"og:title\" content=\"Pol\u00edtica de Privacidad - belladonna.com.es\" \/>\n<meta property=\"og:description\" content=\"Pol\u00edtica de protecci\u00f3n de datos De conformidad con el Reglamento (UE) 2016\/679 del Parlamento y del Consejo de 27 de [&hellip;]\" \/>\n<meta property=\"og:url\" content=\"https:\/\/belladonna.com.es\/en\/politica-de-privacidad\/\" \/>\n<meta property=\"og:site_name\" content=\"belladonna.com.es\" \/>\n<meta property=\"article:modified_time\" content=\"2026-02-04T08:03:24+00:00\" \/>\n<meta name=\"twitter:card\" content=\"summary_large_image\" \/>\n<meta name=\"twitter:label1\" content=\"Est. reading time\" \/>\n\t<meta name=\"twitter:data1\" content=\"7 minutes\" \/>\n<script type=\"application\/ld+json\" class=\"yoast-schema-graph\">{\"@context\":\"https:\/\/schema.org\",\"@graph\":[{\"@type\":\"WebPage\",\"@id\":\"https:\/\/belladonna.com.es\/politica-de-privacidad\/\",\"url\":\"https:\/\/belladonna.com.es\/politica-de-privacidad\/\",\"name\":\"Pol\u00edtica de Privacidad - belladonna.com.es\",\"isPartOf\":{\"@id\":\"https:\/\/belladonna.com.es\/#website\"},\"datePublished\":\"2025-05-13T10:50:23+00:00\",\"dateModified\":\"2026-02-04T08:03:24+00:00\",\"breadcrumb\":{\"@id\":\"https:\/\/belladonna.com.es\/politica-de-privacidad\/#breadcrumb\"},\"inLanguage\":\"en-US\",\"potentialAction\":[{\"@type\":\"ReadAction\",\"target\":[\"https:\/\/belladonna.com.es\/politica-de-privacidad\/\"]}]},{\"@type\":\"BreadcrumbList\",\"@id\":\"https:\/\/belladonna.com.es\/politica-de-privacidad\/#breadcrumb\",\"itemListElement\":[{\"@type\":\"ListItem\",\"position\":1,\"name\":\"Home\",\"item\":\"https:\/\/belladonna.com.es\/\"},{\"@type\":\"ListItem\",\"position\":2,\"name\":\"Pol\u00edtica de Privacidad\"}]},{\"@type\":\"WebSite\",\"@id\":\"https:\/\/belladonna.com.es\/#website\",\"url\":\"https:\/\/belladonna.com.es\/\",\"name\":\"belladonna.com.es\",\"description\":\"\",\"publisher\":{\"@id\":\"https:\/\/belladonna.com.es\/#organization\"},\"potentialAction\":[{\"@type\":\"SearchAction\",\"target\":{\"@type\":\"EntryPoint\",\"urlTemplate\":\"https:\/\/belladonna.com.es\/?s={search_term_string}\"},\"query-input\":{\"@type\":\"PropertyValueSpecification\",\"valueRequired\":true,\"valueName\":\"search_term_string\"}}],\"inLanguage\":\"en-US\"},{\"@type\":\"Organization\",\"@id\":\"https:\/\/belladonna.com.es\/#organization\",\"name\":\"belladonna.com.es\",\"url\":\"https:\/\/belladonna.com.es\/\",\"logo\":{\"@type\":\"ImageObject\",\"inLanguage\":\"en-US\",\"@id\":\"https:\/\/belladonna.com.es\/#\/schema\/logo\/image\/\",\"url\":\"https:\/\/belladonna.com.es\/wp-content\/uploads\/2025\/05\/zipwp-image-5012.jpg\",\"contentUrl\":\"https:\/\/belladonna.com.es\/wp-content\/uploads\/2025\/05\/zipwp-image-5012.jpg\",\"width\":200,\"height\":200,\"caption\":\"belladonna.com.es\"},\"image\":{\"@id\":\"https:\/\/belladonna.com.es\/#\/schema\/logo\/image\/\"}}]}<\/script>\n<!-- \/ Yoast SEO plugin. -->","yoast_head_json":{"title":"Pol\u00edtica de Privacidad - belladonna.com.es","robots":{"index":"noindex","follow":"nofollow"},"og_locale":"en_US","og_type":"article","og_title":"Pol\u00edtica de Privacidad - belladonna.com.es","og_description":"Pol\u00edtica de protecci\u00f3n de datos De conformidad con el Reglamento (UE) 2016\/679 del Parlamento y del Consejo de 27 de [&hellip;]","og_url":"https:\/\/belladonna.com.es\/en\/politica-de-privacidad\/","og_site_name":"belladonna.com.es","article_modified_time":"2026-02-04T08:03:24+00:00","twitter_card":"summary_large_image","twitter_misc":{"Est. reading time":"7 minutes"},"schema":{"@context":"https:\/\/schema.org","@graph":[{"@type":"WebPage","@id":"https:\/\/belladonna.com.es\/politica-de-privacidad\/","url":"https:\/\/belladonna.com.es\/politica-de-privacidad\/","name":"Pol\u00edtica de Privacidad - belladonna.com.es","isPartOf":{"@id":"https:\/\/belladonna.com.es\/#website"},"datePublished":"2025-05-13T10:50:23+00:00","dateModified":"2026-02-04T08:03:24+00:00","breadcrumb":{"@id":"https:\/\/belladonna.com.es\/politica-de-privacidad\/#breadcrumb"},"inLanguage":"en-US","potentialAction":[{"@type":"ReadAction","target":["https:\/\/belladonna.com.es\/politica-de-privacidad\/"]}]},{"@type":"BreadcrumbList","@id":"https:\/\/belladonna.com.es\/politica-de-privacidad\/#breadcrumb","itemListElement":[{"@type":"ListItem","position":1,"name":"Home","item":"https:\/\/belladonna.com.es\/"},{"@type":"ListItem","position":2,"name":"Pol\u00edtica de Privacidad"}]},{"@type":"WebSite","@id":"https:\/\/belladonna.com.es\/#website","url":"https:\/\/belladonna.com.es\/","name":"belladonna.com.es","description":"","publisher":{"@id":"https:\/\/belladonna.com.es\/#organization"},"potentialAction":[{"@type":"SearchAction","target":{"@type":"EntryPoint","urlTemplate":"https:\/\/belladonna.com.es\/?s={search_term_string}"},"query-input":{"@type":"PropertyValueSpecification","valueRequired":true,"valueName":"search_term_string"}}],"inLanguage":"en-US"},{"@type":"Organization","@id":"https:\/\/belladonna.com.es\/#organization","name":"belladonna.com.es","url":"https:\/\/belladonna.com.es\/","logo":{"@type":"ImageObject","inLanguage":"en-US","@id":"https:\/\/belladonna.com.es\/#\/schema\/logo\/image\/","url":"https:\/\/belladonna.com.es\/wp-content\/uploads\/2025\/05\/zipwp-image-5012.jpg","contentUrl":"https:\/\/belladonna.com.es\/wp-content\/uploads\/2025\/05\/zipwp-image-5012.jpg","width":200,"height":200,"caption":"belladonna.com.es"},"image":{"@id":"https:\/\/belladonna.com.es\/#\/schema\/logo\/image\/"}}]}},"uagb_featured_image_src":{"full":false,"thumbnail":false,"medium":false,"medium_large":false,"large":false,"1536x1536":false,"2048x2048":false,"trp-custom-language-flag":false},"uagb_author_info":{"display_name":"9p6paymrwxqa","author_link":"https:\/\/belladonna.com.es\/en\/author\/9p6paymrwxqa\/"},"uagb_comment_info":0,"uagb_excerpt":"Pol\u00edtica de protecci\u00f3n de datos De conformidad con el Reglamento (UE) 2016\/679 del Parlamento y del Consejo de 27 de [&hellip;]","_links":{"self":[{"href":"https:\/\/belladonna.com.es\/en\/wp-json\/wp\/v2\/pages\/637","targetHints":{"allow":["GET"]}}],"collection":[{"href":"https:\/\/belladonna.com.es\/en\/wp-json\/wp\/v2\/pages"}],"about":[{"href":"https:\/\/belladonna.com.es\/en\/wp-json\/wp\/v2\/types\/page"}],"author":[{"embeddable":true,"href":"https:\/\/belladonna.com.es\/en\/wp-json\/wp\/v2\/users\/3"}],"replies":[{"embeddable":true,"href":"https:\/\/belladonna.com.es\/en\/wp-json\/wp\/v2\/comments?post=637"}],"version-history":[{"count":1,"href":"https:\/\/belladonna.com.es\/en\/wp-json\/wp\/v2\/pages\/637\/revisions"}],"predecessor-version":[{"id":638,"href":"https:\/\/belladonna.com.es\/en\/wp-json\/wp\/v2\/pages\/637\/revisions\/638"}],"wp:attachment":[{"href":"https:\/\/belladonna.com.es\/en\/wp-json\/wp\/v2\/media?parent=637"}],"curies":[{"name":"wp","href":"https:\/\/api.w.org\/{rel}","templated":true}]}}