{"id":639,"date":"2025-05-13T10:58:41","date_gmt":"2025-05-13T10:58:41","guid":{"rendered":"https:\/\/belladonna.com.es\/?page_id=639"},"modified":"2026-02-04T08:10:54","modified_gmt":"2026-02-04T08:10:54","slug":"declaracion-de-accesibilidad","status":"publish","type":"page","link":"https:\/\/belladonna.com.es\/en\/declaracion-de-accesibilidad\/","title":{"rendered":"Declaraci\u00f3n de Accesibilidad"},"content":{"rendered":"<h2 class=\"wp-block-heading\" id=\"h-situacion-de-cumplimiento\">Situaci\u00f3n de cumplimiento<\/h2>\n\n\n\n<p>Este sitio web es plenamente conforme con el&nbsp;<a href=\"https:\/\/www.boe.es\/diario_boe\/txt.php?id=BOE-A-2018-12699\" target=\"_blank\" rel=\"noreferrer noopener\">RD 1112\/2018.<\/a><\/p>\n\n\n\n<h2 class=\"wp-block-heading\" id=\"h-preparacion-para-la-siguiente-declaracion-de-accesibilidad\">Preparaci\u00f3n para la siguiente declaraci\u00f3n de accesibilidad<\/h2>\n\n\n\n<p>La presente declaraci\u00f3n fue actualizada el 18 de Enero de 2024.<\/p>\n\n\n\n<p>El m\u00e9todo empleado para preparar la declaraci\u00f3n ha sido una autoevaluaci\u00f3n llevada a cabo por el propio organismo.<\/p>\n\n\n\n<p>Observaciones y datos de contacto.<\/p>\n\n\n\n<p>Puede realizar comunicaciones sobre requisitos de accesibilidad (art\u00edculo 10.2.a del RD 1112\/2018) como, por ejemplo:<\/p>\n\n\n\n<ul class=\"wp-block-list\">\n<li>Informar sobre cualquier posible incumplimiento por parte de este sitio web<\/li>\n\n\n\n<li>Transmitir otras dificultades de acceso al contenido<\/li>\n\n\n\n<li>Formular cualquier otra consulta o sugerencia de mejora relativa a la accesibilidad del sitio web a trav\u00e9s del\u00a0<a href=\"\/en\/anaglezrios@gmail.com\/\" target=\"_blank\" rel=\"noreferrer noopener\">correo de contacto<\/a>\u00a0de este sitio web o a trav\u00e9s del n\u00famero de tel\u00e9fono (+34)<a href=\"tel:+34 640 66 22 85\" target=\"_blank\" rel=\"noreferrer noopener\">662 04 75 52<\/a>.<\/li>\n<\/ul>\n\n\n\n<p>Puede presentar:<\/p>\n\n\n\n<ul class=\"wp-block-list\">\n<li>Queja relativa al cumplimiento de los requisitos del RD 1112\/2018 o<\/li>\n\n\n\n<li>Solicitud de Informaci\u00f3n accesible relativa a:\n<ul class=\"wp-block-list\">\n<li>Contenidos que est\u00e1n excluidos del \u00e1mbito de aplicaci\u00f3n del RD 1112\/2018 seg\u00fan lo establecido por el art\u00edculo 3, apartado 4<\/li>\n\n\n\n<li>Contenidos que est\u00e1n exentos del cumplimiento de los requisitos de accesibilidad por imponer una carga desproporcionada<\/li>\n<\/ul>\n<\/li>\n<\/ul>\n\n\n\n<p>En la Solicitud de informaci\u00f3n accesible, se debe concretar, con toda claridad, los hechos, razones y petici\u00f3n que permitan constatar que se trata de una solicitud razonable y leg\u00edtima.<\/p>\n\n\n\n<h2 class=\"wp-block-heading\" id=\"h-contenido-opcional\">Contenido opcional<\/h2>\n\n\n\n<p>Este portal est\u00e1 dise\u00f1ado para poder cambiar el tama\u00f1o del texto y el color, as\u00ed como el fondo de la p\u00e1gina mediante el icono de accesibilidad visible en todas las p\u00e1ginas de la web y mediante las opciones de configuraci\u00f3n est\u00e1ndar de los navegadores.<\/p>\n\n\n\n<p>Si desea cambiar el tama\u00f1o de letra del texto en los principales navegadores gr\u00e1ficos utilice los siguientes men\u00fas:<\/p>\n\n\n\n<ul class=\"wp-block-list\">\n<li>Internet Explorer, Mozilla y Firefox: Ver > Tama\u00f1o del texto<\/li>\n\n\n\n<li>Opera: Ver > Zoom<\/li>\n\n\n\n<li>Safari: Ver > Hacer el texto m\u00e1s grande<\/li>\n\n\n\n<li>Chrome: Controla la p\u00e1gina actual > Tama\u00f1o del texto<\/li>\n\n\n\n<li>Para modificar el tama\u00f1o de todo en la p\u00e1gina:\n<ul class=\"wp-block-list\">\n<li>Ctrl + + para aumentarlo<\/li>\n\n\n\n<li>Ctrl + \u2013 para disminuirlo<\/li>\n\n\n\n<li>Ctrl + 0 restaura el tama\u00f1o original del texto<\/li>\n\n\n\n<li>Si lo que quiere es anular la hoja de estilos o modificar el color del texto, puede consultar la p\u00e1gina\u00a0How to Change Text Size or Colors de la WAI, que se puede leer traducida al espa\u00f1ol en \u00bfC\u00f3mo cambiar el tama\u00f1o del texto o colores?<\/li>\n<\/ul>\n<\/li>\n<\/ul>","protected":false},"excerpt":{"rendered":"<p>Situaci\u00f3n de cumplimiento Este sitio web es plenamente conforme con el&nbsp;RD 1112\/2018. Preparaci\u00f3n para la siguiente declaraci\u00f3n de accesibilidad La [&hellip;]<\/p>","protected":false},"author":3,"featured_media":0,"parent":0,"menu_order":0,"comment_status":"closed","ping_status":"closed","template":"","meta":{"_uag_custom_page_level_css":"","site-sidebar-layout":"default","site-content-layout":"","ast-site-content-layout":"default","site-content-style":"default","site-sidebar-style":"default","ast-global-header-display":"","ast-banner-title-visibility":"","ast-main-header-display":"","ast-hfb-above-header-display":"","ast-hfb-below-header-display":"","ast-hfb-mobile-header-display":"","site-post-title":"","ast-breadcrumbs-content":"","ast-featured-img":"","footer-sml-layout":"","ast-disable-related-posts":"","theme-transparent-header-meta":"","adv-header-id-meta":"","stick-header-meta":"","header-above-stick-meta":"","header-main-stick-meta":"","header-below-stick-meta":"","astra-migrate-meta-layouts":"default","ast-page-background-enabled":"default","ast-page-background-meta":{"desktop":{"background-color":"var(--ast-global-color-4)","background-image":"","background-repeat":"repeat","background-position":"center center","background-size":"auto","background-attachment":"scroll","background-type":"","background-media":"","overlay-type":"","overlay-color":"","overlay-opacity":"","overlay-gradient":""},"tablet":{"background-color":"","background-image":"","background-repeat":"repeat","background-position":"center center","background-size":"auto","background-attachment":"scroll","background-type":"","background-media":"","overlay-type":"","overlay-color":"","overlay-opacity":"","overlay-gradient":""},"mobile":{"background-color":"","background-image":"","background-repeat":"repeat","background-position":"center center","background-size":"auto","background-attachment":"scroll","background-type":"","background-media":"","overlay-type":"","overlay-color":"","overlay-opacity":"","overlay-gradient":""}},"ast-content-background-meta":{"desktop":{"background-color":"var(--ast-global-color-5)","background-image":"","background-repeat":"repeat","background-position":"center center","background-size":"auto","background-attachment":"scroll","background-type":"","background-media":"","overlay-type":"","overlay-color":"","overlay-opacity":"","overlay-gradient":""},"tablet":{"background-color":"var(--ast-global-color-5)","background-image":"","background-repeat":"repeat","background-position":"center center","background-size":"auto","background-attachment":"scroll","background-type":"","background-media":"","overlay-type":"","overlay-color":"","overlay-opacity":"","overlay-gradient":""},"mobile":{"background-color":"var(--ast-global-color-5)","background-image":"","background-repeat":"repeat","background-position":"center center","background-size":"auto","background-attachment":"scroll","background-type":"","background-media":"","overlay-type":"","overlay-color":"","overlay-opacity":"","overlay-gradient":""}},"footnotes":""},"class_list":["post-639","page","type-page","status-publish","hentry"],"yoast_head":"<!-- This site is optimized with the Yoast SEO plugin v25.1 - https:\/\/yoast.com\/wordpress\/plugins\/seo\/ -->\n<title>Declaraci\u00f3n de Accesibilidad - belladonna.com.es<\/title>\n<meta name=\"robots\" content=\"noindex, nofollow\" \/>\n<meta property=\"og:locale\" content=\"en_US\" \/>\n<meta property=\"og:type\" content=\"article\" \/>\n<meta property=\"og:title\" content=\"Declaraci\u00f3n de Accesibilidad - belladonna.com.es\" \/>\n<meta property=\"og:description\" content=\"Situaci\u00f3n de cumplimiento Este sitio web es plenamente conforme con el&nbsp;RD 1112\/2018. Preparaci\u00f3n para la siguiente declaraci\u00f3n de accesibilidad La [&hellip;]\" \/>\n<meta property=\"og:url\" content=\"https:\/\/belladonna.com.es\/en\/declaracion-de-accesibilidad\/\" \/>\n<meta property=\"og:site_name\" content=\"belladonna.com.es\" \/>\n<meta property=\"article:modified_time\" content=\"2026-02-04T08:10:54+00:00\" \/>\n<meta name=\"twitter:card\" content=\"summary_large_image\" \/>\n<meta name=\"twitter:label1\" content=\"Est. reading time\" \/>\n\t<meta name=\"twitter:data1\" content=\"2 minutes\" \/>\n<script type=\"application\/ld+json\" class=\"yoast-schema-graph\">{\"@context\":\"https:\/\/schema.org\",\"@graph\":[{\"@type\":\"WebPage\",\"@id\":\"https:\/\/belladonna.com.es\/declaracion-de-accesibilidad\/\",\"url\":\"https:\/\/belladonna.com.es\/declaracion-de-accesibilidad\/\",\"name\":\"Declaraci\u00f3n de Accesibilidad - belladonna.com.es\",\"isPartOf\":{\"@id\":\"https:\/\/belladonna.com.es\/#website\"},\"datePublished\":\"2025-05-13T10:58:41+00:00\",\"dateModified\":\"2026-02-04T08:10:54+00:00\",\"breadcrumb\":{\"@id\":\"https:\/\/belladonna.com.es\/declaracion-de-accesibilidad\/#breadcrumb\"},\"inLanguage\":\"en-US\",\"potentialAction\":[{\"@type\":\"ReadAction\",\"target\":[\"https:\/\/belladonna.com.es\/declaracion-de-accesibilidad\/\"]}]},{\"@type\":\"BreadcrumbList\",\"@id\":\"https:\/\/belladonna.com.es\/declaracion-de-accesibilidad\/#breadcrumb\",\"itemListElement\":[{\"@type\":\"ListItem\",\"position\":1,\"name\":\"Home\",\"item\":\"https:\/\/belladonna.com.es\/\"},{\"@type\":\"ListItem\",\"position\":2,\"name\":\"Declaraci\u00f3n de Accesibilidad\"}]},{\"@type\":\"WebSite\",\"@id\":\"https:\/\/belladonna.com.es\/#website\",\"url\":\"https:\/\/belladonna.com.es\/\",\"name\":\"belladonna.com.es\",\"description\":\"\",\"publisher\":{\"@id\":\"https:\/\/belladonna.com.es\/#organization\"},\"potentialAction\":[{\"@type\":\"SearchAction\",\"target\":{\"@type\":\"EntryPoint\",\"urlTemplate\":\"https:\/\/belladonna.com.es\/?s={search_term_string}\"},\"query-input\":{\"@type\":\"PropertyValueSpecification\",\"valueRequired\":true,\"valueName\":\"search_term_string\"}}],\"inLanguage\":\"en-US\"},{\"@type\":\"Organization\",\"@id\":\"https:\/\/belladonna.com.es\/#organization\",\"name\":\"belladonna.com.es\",\"url\":\"https:\/\/belladonna.com.es\/\",\"logo\":{\"@type\":\"ImageObject\",\"inLanguage\":\"en-US\",\"@id\":\"https:\/\/belladonna.com.es\/#\/schema\/logo\/image\/\",\"url\":\"https:\/\/belladonna.com.es\/wp-content\/uploads\/2025\/05\/zipwp-image-5012.jpg\",\"contentUrl\":\"https:\/\/belladonna.com.es\/wp-content\/uploads\/2025\/05\/zipwp-image-5012.jpg\",\"width\":200,\"height\":200,\"caption\":\"belladonna.com.es\"},\"image\":{\"@id\":\"https:\/\/belladonna.com.es\/#\/schema\/logo\/image\/\"}}]}<\/script>\n<!-- \/ Yoast SEO plugin. -->","yoast_head_json":{"title":"Declaraci\u00f3n de Accesibilidad - belladonna.com.es","robots":{"index":"noindex","follow":"nofollow"},"og_locale":"en_US","og_type":"article","og_title":"Declaraci\u00f3n de Accesibilidad - belladonna.com.es","og_description":"Situaci\u00f3n de cumplimiento Este sitio web es plenamente conforme con el&nbsp;RD 1112\/2018. Preparaci\u00f3n para la siguiente declaraci\u00f3n de accesibilidad La [&hellip;]","og_url":"https:\/\/belladonna.com.es\/en\/declaracion-de-accesibilidad\/","og_site_name":"belladonna.com.es","article_modified_time":"2026-02-04T08:10:54+00:00","twitter_card":"summary_large_image","twitter_misc":{"Est. reading time":"2 minutes"},"schema":{"@context":"https:\/\/schema.org","@graph":[{"@type":"WebPage","@id":"https:\/\/belladonna.com.es\/declaracion-de-accesibilidad\/","url":"https:\/\/belladonna.com.es\/declaracion-de-accesibilidad\/","name":"Declaraci\u00f3n de Accesibilidad - belladonna.com.es","isPartOf":{"@id":"https:\/\/belladonna.com.es\/#website"},"datePublished":"2025-05-13T10:58:41+00:00","dateModified":"2026-02-04T08:10:54+00:00","breadcrumb":{"@id":"https:\/\/belladonna.com.es\/declaracion-de-accesibilidad\/#breadcrumb"},"inLanguage":"en-US","potentialAction":[{"@type":"ReadAction","target":["https:\/\/belladonna.com.es\/declaracion-de-accesibilidad\/"]}]},{"@type":"BreadcrumbList","@id":"https:\/\/belladonna.com.es\/declaracion-de-accesibilidad\/#breadcrumb","itemListElement":[{"@type":"ListItem","position":1,"name":"Home","item":"https:\/\/belladonna.com.es\/"},{"@type":"ListItem","position":2,"name":"Declaraci\u00f3n de Accesibilidad"}]},{"@type":"WebSite","@id":"https:\/\/belladonna.com.es\/#website","url":"https:\/\/belladonna.com.es\/","name":"belladonna.com.es","description":"","publisher":{"@id":"https:\/\/belladonna.com.es\/#organization"},"potentialAction":[{"@type":"SearchAction","target":{"@type":"EntryPoint","urlTemplate":"https:\/\/belladonna.com.es\/?s={search_term_string}"},"query-input":{"@type":"PropertyValueSpecification","valueRequired":true,"valueName":"search_term_string"}}],"inLanguage":"en-US"},{"@type":"Organization","@id":"https:\/\/belladonna.com.es\/#organization","name":"belladonna.com.es","url":"https:\/\/belladonna.com.es\/","logo":{"@type":"ImageObject","inLanguage":"en-US","@id":"https:\/\/belladonna.com.es\/#\/schema\/logo\/image\/","url":"https:\/\/belladonna.com.es\/wp-content\/uploads\/2025\/05\/zipwp-image-5012.jpg","contentUrl":"https:\/\/belladonna.com.es\/wp-content\/uploads\/2025\/05\/zipwp-image-5012.jpg","width":200,"height":200,"caption":"belladonna.com.es"},"image":{"@id":"https:\/\/belladonna.com.es\/#\/schema\/logo\/image\/"}}]}},"uagb_featured_image_src":{"full":false,"thumbnail":false,"medium":false,"medium_large":false,"large":false,"1536x1536":false,"2048x2048":false,"trp-custom-language-flag":false},"uagb_author_info":{"display_name":"9p6paymrwxqa","author_link":"https:\/\/belladonna.com.es\/en\/author\/9p6paymrwxqa\/"},"uagb_comment_info":0,"uagb_excerpt":"Situaci\u00f3n de cumplimiento Este sitio web es plenamente conforme con el&nbsp;RD 1112\/2018. Preparaci\u00f3n para la siguiente declaraci\u00f3n de accesibilidad La [&hellip;]","_links":{"self":[{"href":"https:\/\/belladonna.com.es\/en\/wp-json\/wp\/v2\/pages\/639","targetHints":{"allow":["GET"]}}],"collection":[{"href":"https:\/\/belladonna.com.es\/en\/wp-json\/wp\/v2\/pages"}],"about":[{"href":"https:\/\/belladonna.com.es\/en\/wp-json\/wp\/v2\/types\/page"}],"author":[{"embeddable":true,"href":"https:\/\/belladonna.com.es\/en\/wp-json\/wp\/v2\/users\/3"}],"replies":[{"embeddable":true,"href":"https:\/\/belladonna.com.es\/en\/wp-json\/wp\/v2\/comments?post=639"}],"version-history":[{"count":1,"href":"https:\/\/belladonna.com.es\/en\/wp-json\/wp\/v2\/pages\/639\/revisions"}],"predecessor-version":[{"id":640,"href":"https:\/\/belladonna.com.es\/en\/wp-json\/wp\/v2\/pages\/639\/revisions\/640"}],"wp:attachment":[{"href":"https:\/\/belladonna.com.es\/en\/wp-json\/wp\/v2\/media?parent=639"}],"curies":[{"name":"wp","href":"https:\/\/api.w.org\/{rel}","templated":true}]}}